{"id":3891,"date":"2020-09-18T12:05:37","date_gmt":"2020-09-18T10:05:37","guid":{"rendered":"https:\/\/www.autorotorgroup.com\/macchine-base\/"},"modified":"2021-05-04T17:08:20","modified_gmt":"2021-05-04T15:08:20","slug":"maquinas-basicas","status":"publish","type":"page","link":"https:\/\/www.autorotorgroup.com\/es\/maquinas-basicas\/","title":{"rendered":"M\u00e1quinas b\u00e1sicas"},"content":{"rendered":"\n<style type=\"text\/css\" data-created_by=\"avia_inline_auto\" id=\"style-css-av-keycdnj8-a38e14e1a00d4847c38a823cc95e6984\">\n.avia-section.av-keycdnj8-a38e14e1a00d4847c38a823cc95e6984 .av-parallax .av-parallax-inner{\nbackground-repeat:no-repeat;\nbackground-image:url(https:\/\/www.autorotorgroup.com\/wp-content\/uploads\/2020\/09\/sfondo-intestazione.jpg);\nbackground-position:50% 50%;\nbackground-attachment:scroll;\n}\n<\/style>\n<div id='av_section_1'  class='avia-section av-keycdnj8-a38e14e1a00d4847c38a823cc95e6984 main_color avia-section-default avia-no-border-styling  avia-builder-el-0  el_before_av_one_half  avia-builder-el-first  avia-full-stretch av-parallax-section avia-bg-style-parallax container_wrap fullsize'  data-section-bg-repeat='stretch'><div class='av-parallax' data-avia-parallax-ratio='0.3' ><div class='av-parallax-inner main_color avia-full-stretch'><\/div><\/div><div class='container av-section-cont-open' ><main  role=\"main\" itemprop=\"mainContentOfPage\"  class='template-page content  av-content-full alpha units'><div class='post-entry post-entry-type-page post-entry-3891'><div class='entry-content-wrapper clearfix'>\n\n<style type=\"text\/css\" data-created_by=\"avia_inline_auto\" id=\"style-css-av-keyc9dyo-f517d68f97b5770c15eddeda28757b0b\">\n#top .av_textblock_section.av-keyc9dyo-f517d68f97b5770c15eddeda28757b0b .avia_textblock{\ncolor:#ffffff;\n}\n<\/style>\n<section  class='av_textblock_section av-keyc9dyo-f517d68f97b5770c15eddeda28757b0b '   itemscope=\"itemscope\" itemtype=\"https:\/\/schema.org\/CreativeWork\" ><div class='avia_textblock av_inherit_color'  itemprop=\"text\" ><h1 style=\"text-align: center;\">M\u00e1quinas b\u00e1sicas<\/h1>\n<\/div><\/section>\n<\/div><\/div><\/main><!-- close content main element --><\/div><\/div><div id='after_section_1'  class='main_color av_default_container_wrap container_wrap fullsize'  ><div class='container av-section-cont-open' ><div class='template-page content  av-content-full alpha units'><div class='post-entry post-entry-type-page post-entry-3891'><div class='entry-content-wrapper clearfix'>\n\n<style type=\"text\/css\" data-created_by=\"avia_inline_auto\" id=\"style-css-av-h5l84-e2fe94b828b24ec99a80b438c23bb7f0\">\n.flex_column.av-h5l84-e2fe94b828b24ec99a80b438c23bb7f0{\nborder-radius:0px 0px 0px 0px;\npadding:0px 0px 0px 0px;\n}\n<\/style>\n<div  class='flex_column av-h5l84-e2fe94b828b24ec99a80b438c23bb7f0 av_one_half  avia-builder-el-2  el_after_av_section  el_before_av_one_half  avia-builder-el-first  first flex_column_div av-zero-column-padding  '     ><section  class='av_textblock_section av-keycfflm-b96549b7ad7e1d22644d25cd43a76d55 '   itemscope=\"itemscope\" itemtype=\"https:\/\/schema.org\/CreativeWork\" ><div class='avia_textblock'  itemprop=\"text\" ><h3>Caracter\u00edsticas<\/h3>\n<p>Autorotor ha desarrollado 5 nuevos tipos de m\u00e1quinas b\u00e1sicas, dise\u00f1adas y estudiadas para satisfacer las m\u00e1s variadas exigencias de los constructores de m\u00e1quinas autom\u00e1ticas, con dimensiones y motores varios.<\/p>\n<p>Los modeles BM1-BM2-BM3 utilizan una transmisi\u00f3n basada en nuestras mesas de giro, mientras que los modelos BMR1-BMR2 utilizan como sistema rotativo los dos nuevos anillos de giro AR350,AR510, con la posibilidad de aprovechar los espacios y los accesos t\u00edpicos de estas aplicaciones.<\/p>\n<ul>\n<li>Todas las m\u00e1quinas son completas y llevan:<\/li>\n<li>Base electrosoldada con pies antideslizantes<\/li>\n<li>Placa de base de acero<\/li>\n<li>unidad giratoria con reductor y motor<\/li>\n<li>disco giratorio<\/li>\n<li>disco fijo, donde sujetar todo tipo de equipo<\/li>\n<\/ul>\n<\/div><\/section><\/div>\n\n<style type=\"text\/css\" data-created_by=\"avia_inline_auto\" id=\"style-css-av-bj00k-082281ded8f108a9b9115091e9908eb1\">\n.flex_column.av-bj00k-082281ded8f108a9b9115091e9908eb1{\nborder-radius:0px 0px 0px 0px;\npadding:0px 0px 0px 0px;\n}\n<\/style>\n<div  class='flex_column av-bj00k-082281ded8f108a9b9115091e9908eb1 av_one_half  avia-builder-el-4  el_after_av_one_half  avia-builder-el-last  flex_column_div av-zero-column-padding  '     ><div  data-slideshow-options=\"{&quot;animation&quot;:&quot;fade&quot;,&quot;autoplay&quot;:false,&quot;loop_autoplay&quot;:&quot;once&quot;,&quot;interval&quot;:5,&quot;loop_manual&quot;:&quot;manual-endless&quot;,&quot;autoplay_stopper&quot;:false,&quot;noNavigation&quot;:false,&quot;show_slide_delay&quot;:90}\" class='avia-content-slider avia-content-grid-active avia-content-slider1 avia-content-slider-even  avia-builder-el-5  avia-builder-el-no-sibling  av-slideshow-ui av-control-default   av-no-slider-navigation av-slideshow-manual av-loop-once av-loop-manual-endless '  itemscope=\"itemscope\" itemtype=\"https:\/\/schema.org\/Blog\" ><div class=\"avia-content-slider-inner\"><div class=\"slide-entry-wrap\"><article class='slide-entry flex_column  post-entry post-entry-3500 slide-entry-overview slide-loop-1 slide-parity-odd  av_one_half first real-thumbnail posttype-post post-format-standard'  itemscope=\"itemscope\" itemtype=\"https:\/\/schema.org\/CreativeWork\" ><a href='https:\/\/www.autorotorgroup.com\/es\/bm1\/' data-rel='slide-1' class='slide-image' title='BM1'><img decoding=\"async\" fetchpriority=\"high\" width=\"495\" height=\"389\" src=\"https:\/\/www.autorotorgroup.com\/wp-content\/uploads\/2020\/09\/BM1-495x389.jpg\" class=\"wp-image-3503 avia-img-lazy-loading-not-3503 attachment-portfolio size-portfolio wp-post-image\" alt=\"\" \/><\/a><div class=\"slide-content\"><header class=\"entry-content-header\" aria-label=\"Slide: BM1\"><span class=\"blog-categories minor-meta\"><a href=\"https:\/\/www.autorotorgroup.com\/es\/category\/prodotti-es\/macchine-base-prodotti-es\/\" rel=\"tag\">M\u00e1quinas b\u00e1sicas<\/a>, <a href=\"https:\/\/www.autorotorgroup.com\/es\/category\/prodotti-es\/\" rel=\"tag\">Productos<\/a> <\/span><h3 class='slide-entry-title entry-title '  itemprop=\"headline\" ><a href='https:\/\/www.autorotorgroup.com\/es\/bm1\/' title='BM1'>BM1<\/a><\/h3><span class=\"av-vertical-delimiter\"><\/span><\/header><\/div><footer class=\"entry-footer\"><\/footer><span class='hidden'>\n\t\t\t\t<span class='av-structured-data'  itemprop=\"image\" itemscope=\"itemscope\" itemtype=\"https:\/\/schema.org\/ImageObject\" >\n\t\t\t\t\t\t<span itemprop='url'>https:\/\/www.autorotorgroup.com\/wp-content\/uploads\/2020\/09\/BM1.jpg<\/span>\n\t\t\t\t\t\t<span itemprop='height'>389<\/span>\n\t\t\t\t\t\t<span itemprop='width'>600<\/span>\n\t\t\t\t<\/span>\n\t\t\t\t<span class='av-structured-data'  itemprop=\"publisher\" itemtype=\"https:\/\/schema.org\/Organization\" itemscope=\"itemscope\" >\n\t\t\t\t\t\t<span itemprop='name'>Matteo De Nicola<\/span>\n\t\t\t\t\t\t<span itemprop='logo' itemscope itemtype='https:\/\/schema.org\/ImageObject'>\n\t\t\t\t\t\t\t<span itemprop='url'>https:\/\/www.autorotorgroup.com\/wp-content\/uploads\/2020\/07\/autorotor-logo.png<\/span>\n\t\t\t\t\t\t<\/span>\n\t\t\t\t<\/span><span class='av-structured-data'  itemprop=\"author\" itemscope=\"itemscope\" itemtype=\"https:\/\/schema.org\/Person\" ><span itemprop='name'>Matteo De Nicola<\/span><\/span><span class='av-structured-data'  itemprop=\"datePublished\" datetime=\"2020-09-18T12:05:37+02:00\" >2021-04-16 15:04:53<\/span><span class='av-structured-data'  itemprop=\"dateModified\" itemtype=\"https:\/\/schema.org\/dateModified\" >2021-05-14 17:01:05<\/span><span class='av-structured-data'  itemprop=\"mainEntityOfPage\" itemtype=\"https:\/\/schema.org\/mainEntityOfPage\" ><span itemprop='name'>BM1<\/span><\/span><\/span><\/article><article class='slide-entry flex_column  post-entry post-entry-3507 slide-entry-overview slide-loop-2 slide-parity-even  av_one_half  real-thumbnail posttype-post post-format-standard'  itemscope=\"itemscope\" itemtype=\"https:\/\/schema.org\/CreativeWork\" ><a href='https:\/\/www.autorotorgroup.com\/es\/bm2\/' data-rel='slide-1' class='slide-image' title='BM2'><img decoding=\"async\" fetchpriority=\"high\" width=\"495\" height=\"400\" src=\"https:\/\/www.autorotorgroup.com\/wp-content\/uploads\/2020\/09\/BM2-495x400.jpg\" class=\"wp-image-3510 avia-img-lazy-loading-not-3510 attachment-portfolio size-portfolio wp-post-image\" alt=\"\" \/><\/a><div class=\"slide-content\"><header class=\"entry-content-header\" aria-label=\"Slide: BM2\"><span class=\"blog-categories minor-meta\"><a href=\"https:\/\/www.autorotorgroup.com\/es\/category\/prodotti-es\/macchine-base-prodotti-es\/\" rel=\"tag\">M\u00e1quinas b\u00e1sicas<\/a>, <a href=\"https:\/\/www.autorotorgroup.com\/es\/category\/prodotti-es\/\" rel=\"tag\">Productos<\/a> <\/span><h3 class='slide-entry-title entry-title '  itemprop=\"headline\" ><a href='https:\/\/www.autorotorgroup.com\/es\/bm2\/' title='BM2'>BM2<\/a><\/h3><span class=\"av-vertical-delimiter\"><\/span><\/header><\/div><footer class=\"entry-footer\"><\/footer><span class='hidden'>\n\t\t\t\t<span class='av-structured-data'  itemprop=\"image\" itemscope=\"itemscope\" itemtype=\"https:\/\/schema.org\/ImageObject\" >\n\t\t\t\t\t\t<span itemprop='url'>https:\/\/www.autorotorgroup.com\/wp-content\/uploads\/2020\/09\/BM2.jpg<\/span>\n\t\t\t\t\t\t<span itemprop='height'>450<\/span>\n\t\t\t\t\t\t<span itemprop='width'>600<\/span>\n\t\t\t\t<\/span>\n\t\t\t\t<span class='av-structured-data'  itemprop=\"publisher\" itemtype=\"https:\/\/schema.org\/Organization\" itemscope=\"itemscope\" >\n\t\t\t\t\t\t<span itemprop='name'>Matteo De Nicola<\/span>\n\t\t\t\t\t\t<span itemprop='logo' itemscope itemtype='https:\/\/schema.org\/ImageObject'>\n\t\t\t\t\t\t\t<span itemprop='url'>https:\/\/www.autorotorgroup.com\/wp-content\/uploads\/2020\/07\/autorotor-logo.png<\/span>\n\t\t\t\t\t\t<\/span>\n\t\t\t\t<\/span><span class='av-structured-data'  itemprop=\"author\" itemscope=\"itemscope\" itemtype=\"https:\/\/schema.org\/Person\" ><span itemprop='name'>Matteo De Nicola<\/span><\/span><span class='av-structured-data'  itemprop=\"datePublished\" datetime=\"2020-09-18T12:05:37+02:00\" >2021-04-16 15:03:30<\/span><span class='av-structured-data'  itemprop=\"dateModified\" itemtype=\"https:\/\/schema.org\/dateModified\" >2021-05-14 17:00:42<\/span><span class='av-structured-data'  itemprop=\"mainEntityOfPage\" itemtype=\"https:\/\/schema.org\/mainEntityOfPage\" ><span itemprop='name'>BM2<\/span><\/span><\/span><\/article><\/div><div class=\"slide-entry-wrap\"><article class='slide-entry flex_column  post-entry post-entry-3513 slide-entry-overview slide-loop-3 slide-parity-odd  av_one_half first real-thumbnail posttype-post post-format-standard'  itemscope=\"itemscope\" itemtype=\"https:\/\/schema.org\/CreativeWork\" ><a href='https:\/\/www.autorotorgroup.com\/es\/bm3\/' data-rel='slide-1' class='slide-image' title='BM3'><img decoding=\"async\" fetchpriority=\"high\" width=\"495\" height=\"389\" src=\"https:\/\/www.autorotorgroup.com\/wp-content\/uploads\/2020\/09\/BM3-495x389.jpg\" class=\"wp-image-3516 avia-img-lazy-loading-not-3516 attachment-portfolio size-portfolio wp-post-image\" alt=\"\" \/><\/a><div class=\"slide-content\"><header class=\"entry-content-header\" aria-label=\"Slide: BM3\"><span class=\"blog-categories minor-meta\"><a href=\"https:\/\/www.autorotorgroup.com\/es\/category\/prodotti-es\/macchine-base-prodotti-es\/\" rel=\"tag\">M\u00e1quinas b\u00e1sicas<\/a>, <a href=\"https:\/\/www.autorotorgroup.com\/es\/category\/prodotti-es\/\" rel=\"tag\">Productos<\/a> <\/span><h3 class='slide-entry-title entry-title '  itemprop=\"headline\" ><a href='https:\/\/www.autorotorgroup.com\/es\/bm3\/' title='BM3'>BM3<\/a><\/h3><span class=\"av-vertical-delimiter\"><\/span><\/header><\/div><footer class=\"entry-footer\"><\/footer><span class='hidden'>\n\t\t\t\t<span class='av-structured-data'  itemprop=\"image\" itemscope=\"itemscope\" itemtype=\"https:\/\/schema.org\/ImageObject\" >\n\t\t\t\t\t\t<span itemprop='url'>https:\/\/www.autorotorgroup.com\/wp-content\/uploads\/2020\/09\/BM3.jpg<\/span>\n\t\t\t\t\t\t<span itemprop='height'>389<\/span>\n\t\t\t\t\t\t<span itemprop='width'>600<\/span>\n\t\t\t\t<\/span>\n\t\t\t\t<span class='av-structured-data'  itemprop=\"publisher\" itemtype=\"https:\/\/schema.org\/Organization\" itemscope=\"itemscope\" >\n\t\t\t\t\t\t<span itemprop='name'>Matteo De Nicola<\/span>\n\t\t\t\t\t\t<span itemprop='logo' itemscope itemtype='https:\/\/schema.org\/ImageObject'>\n\t\t\t\t\t\t\t<span itemprop='url'>https:\/\/www.autorotorgroup.com\/wp-content\/uploads\/2020\/07\/autorotor-logo.png<\/span>\n\t\t\t\t\t\t<\/span>\n\t\t\t\t<\/span><span class='av-structured-data'  itemprop=\"author\" itemscope=\"itemscope\" itemtype=\"https:\/\/schema.org\/Person\" ><span itemprop='name'>Matteo De Nicola<\/span><\/span><span class='av-structured-data'  itemprop=\"datePublished\" datetime=\"2020-09-18T12:05:37+02:00\" >2021-04-16 15:02:16<\/span><span class='av-structured-data'  itemprop=\"dateModified\" itemtype=\"https:\/\/schema.org\/dateModified\" >2021-11-18 10:48:53<\/span><span class='av-structured-data'  itemprop=\"mainEntityOfPage\" itemtype=\"https:\/\/schema.org\/mainEntityOfPage\" ><span itemprop='name'>BM3<\/span><\/span><\/span><\/article><article class='slide-entry flex_column  post-entry post-entry-3520 slide-entry-overview slide-loop-4 slide-parity-even  av_one_half  real-thumbnail posttype-post post-format-standard'  itemscope=\"itemscope\" itemtype=\"https:\/\/schema.org\/CreativeWork\" ><a href='https:\/\/www.autorotorgroup.com\/es\/bmr1\/' data-rel='slide-1' class='slide-image' title='BMR1'><img decoding=\"async\" fetchpriority=\"high\" width=\"495\" height=\"400\" src=\"https:\/\/www.autorotorgroup.com\/wp-content\/uploads\/2020\/09\/BMR1-495x400.jpg\" class=\"wp-image-3523 avia-img-lazy-loading-not-3523 attachment-portfolio size-portfolio wp-post-image\" alt=\"\" \/><\/a><div class=\"slide-content\"><header class=\"entry-content-header\" aria-label=\"Slide: BMR1\"><span class=\"blog-categories minor-meta\"><a href=\"https:\/\/www.autorotorgroup.com\/es\/category\/prodotti-es\/macchine-base-prodotti-es\/\" rel=\"tag\">M\u00e1quinas b\u00e1sicas<\/a>, <a href=\"https:\/\/www.autorotorgroup.com\/es\/category\/prodotti-es\/\" rel=\"tag\">Productos<\/a> <\/span><h3 class='slide-entry-title entry-title '  itemprop=\"headline\" ><a href='https:\/\/www.autorotorgroup.com\/es\/bmr1\/' title='BMR1'>BMR1<\/a><\/h3><span class=\"av-vertical-delimiter\"><\/span><\/header><\/div><footer class=\"entry-footer\"><\/footer><span class='hidden'>\n\t\t\t\t<span class='av-structured-data'  itemprop=\"image\" itemscope=\"itemscope\" itemtype=\"https:\/\/schema.org\/ImageObject\" >\n\t\t\t\t\t\t<span itemprop='url'>https:\/\/www.autorotorgroup.com\/wp-content\/uploads\/2020\/09\/BMR1.jpg<\/span>\n\t\t\t\t\t\t<span itemprop='height'>450<\/span>\n\t\t\t\t\t\t<span itemprop='width'>600<\/span>\n\t\t\t\t<\/span>\n\t\t\t\t<span class='av-structured-data'  itemprop=\"publisher\" itemtype=\"https:\/\/schema.org\/Organization\" itemscope=\"itemscope\" >\n\t\t\t\t\t\t<span itemprop='name'>Matteo De Nicola<\/span>\n\t\t\t\t\t\t<span itemprop='logo' itemscope itemtype='https:\/\/schema.org\/ImageObject'>\n\t\t\t\t\t\t\t<span itemprop='url'>https:\/\/www.autorotorgroup.com\/wp-content\/uploads\/2020\/07\/autorotor-logo.png<\/span>\n\t\t\t\t\t\t<\/span>\n\t\t\t\t<\/span><span class='av-structured-data'  itemprop=\"author\" itemscope=\"itemscope\" itemtype=\"https:\/\/schema.org\/Person\" ><span itemprop='name'>Matteo De Nicola<\/span><\/span><span class='av-structured-data'  itemprop=\"datePublished\" datetime=\"2020-09-18T12:05:37+02:00\" >2021-04-16 15:01:48<\/span><span class='av-structured-data'  itemprop=\"dateModified\" itemtype=\"https:\/\/schema.org\/dateModified\" >2021-05-14 17:00:13<\/span><span class='av-structured-data'  itemprop=\"mainEntityOfPage\" itemtype=\"https:\/\/schema.org\/mainEntityOfPage\" ><span itemprop='name'>BMR1<\/span><\/span><\/span><\/article><\/div><div class=\"slide-entry-wrap\"><article class='slide-entry flex_column  post-entry post-entry-3527 slide-entry-overview slide-loop-5 slide-parity-odd  post-entry-last  av_one_half first real-thumbnail posttype-post post-format-standard'  itemscope=\"itemscope\" itemtype=\"https:\/\/schema.org\/CreativeWork\" ><a href='https:\/\/www.autorotorgroup.com\/es\/bmr2\/' data-rel='slide-1' class='slide-image' title='BMR2'><img decoding=\"async\" fetchpriority=\"high\" width=\"495\" height=\"400\" src=\"https:\/\/www.autorotorgroup.com\/wp-content\/uploads\/2020\/09\/BMR2-495x400.jpg\" class=\"wp-image-3530 avia-img-lazy-loading-not-3530 attachment-portfolio size-portfolio wp-post-image\" alt=\"\" \/><\/a><div class=\"slide-content\"><header class=\"entry-content-header\" aria-label=\"Slide: BMR2\"><span class=\"blog-categories minor-meta\"><a href=\"https:\/\/www.autorotorgroup.com\/es\/category\/prodotti-es\/macchine-base-prodotti-es\/\" rel=\"tag\">M\u00e1quinas b\u00e1sicas<\/a>, <a href=\"https:\/\/www.autorotorgroup.com\/es\/category\/prodotti-es\/\" rel=\"tag\">Productos<\/a> <\/span><h3 class='slide-entry-title entry-title '  itemprop=\"headline\" ><a href='https:\/\/www.autorotorgroup.com\/es\/bmr2\/' title='BMR2'>BMR2<\/a><\/h3><span class=\"av-vertical-delimiter\"><\/span><\/header><\/div><footer class=\"entry-footer\"><\/footer><span class='hidden'>\n\t\t\t\t<span class='av-structured-data'  itemprop=\"image\" itemscope=\"itemscope\" itemtype=\"https:\/\/schema.org\/ImageObject\" >\n\t\t\t\t\t\t<span itemprop='url'>https:\/\/www.autorotorgroup.com\/wp-content\/uploads\/2020\/09\/BMR2.jpg<\/span>\n\t\t\t\t\t\t<span itemprop='height'>450<\/span>\n\t\t\t\t\t\t<span itemprop='width'>600<\/span>\n\t\t\t\t<\/span>\n\t\t\t\t<span class='av-structured-data'  itemprop=\"publisher\" itemtype=\"https:\/\/schema.org\/Organization\" itemscope=\"itemscope\" >\n\t\t\t\t\t\t<span itemprop='name'>Matteo De Nicola<\/span>\n\t\t\t\t\t\t<span itemprop='logo' itemscope itemtype='https:\/\/schema.org\/ImageObject'>\n\t\t\t\t\t\t\t<span itemprop='url'>https:\/\/www.autorotorgroup.com\/wp-content\/uploads\/2020\/07\/autorotor-logo.png<\/span>\n\t\t\t\t\t\t<\/span>\n\t\t\t\t<\/span><span class='av-structured-data'  itemprop=\"author\" itemscope=\"itemscope\" itemtype=\"https:\/\/schema.org\/Person\" ><span itemprop='name'>Matteo De Nicola<\/span><\/span><span class='av-structured-data'  itemprop=\"datePublished\" datetime=\"2020-09-18T12:05:37+02:00\" >2021-04-16 15:00:29<\/span><span class='av-structured-data'  itemprop=\"dateModified\" itemtype=\"https:\/\/schema.org\/dateModified\" >2021-05-14 16:59:54<\/span><span class='av-structured-data'  itemprop=\"mainEntityOfPage\" itemtype=\"https:\/\/schema.org\/mainEntityOfPage\" ><span itemprop='name'>BMR2<\/span><\/span><\/span><\/article><\/div><\/div><\/div><\/div>\n","protected":false},"excerpt":{"rendered":"","protected":false},"author":1,"featured_media":0,"parent":0,"menu_order":0,"comment_status":"closed","ping_status":"closed","template":"","meta":{"footnotes":""},"class_list":["post-3891","page","type-page","status-publish","hentry"],"yoast_head":"<!-- This site is optimized with the Yoast SEO plugin v25.6 - https:\/\/yoast.com\/wordpress\/plugins\/seo\/ -->\n<title>M\u00e1quinas b\u00e1sicas - Autorotor Group<\/title>\n<meta name=\"robots\" content=\"index, follow, max-snippet:-1, max-image-preview:large, max-video-preview:-1\" \/>\n<link rel=\"canonical\" href=\"https:\/\/www.autorotorgroup.com\/es\/maquinas-basicas\/\" \/>\n<meta property=\"og:locale\" content=\"es_ES\" \/>\n<meta property=\"og:type\" content=\"article\" \/>\n<meta property=\"og:title\" content=\"M\u00e1quinas b\u00e1sicas - Autorotor Group\" \/>\n<meta property=\"og:url\" content=\"https:\/\/www.autorotorgroup.com\/es\/maquinas-basicas\/\" \/>\n<meta property=\"og:site_name\" content=\"Autorotor Group\" \/>\n<meta property=\"article:modified_time\" content=\"2021-05-04T15:08:20+00:00\" \/>\n<meta name=\"twitter:card\" content=\"summary_large_image\" \/>\n<meta name=\"twitter:label1\" content=\"Tiempo de lectura\" \/>\n\t<meta name=\"twitter:data1\" content=\"2 minutos\" \/>\n<script type=\"application\/ld+json\" class=\"yoast-schema-graph\">{\"@context\":\"https:\/\/schema.org\",\"@graph\":[{\"@type\":\"WebPage\",\"@id\":\"https:\/\/www.autorotorgroup.com\/es\/maquinas-basicas\/\",\"url\":\"https:\/\/www.autorotorgroup.com\/es\/maquinas-basicas\/\",\"name\":\"M\u00e1quinas b\u00e1sicas - Autorotor Group\",\"isPartOf\":{\"@id\":\"https:\/\/www.autorotorgroup.com\/es\/#website\"},\"datePublished\":\"2020-09-18T10:05:37+00:00\",\"dateModified\":\"2021-05-04T15:08:20+00:00\",\"breadcrumb\":{\"@id\":\"https:\/\/www.autorotorgroup.com\/es\/maquinas-basicas\/#breadcrumb\"},\"inLanguage\":\"es\",\"potentialAction\":[{\"@type\":\"ReadAction\",\"target\":[\"https:\/\/www.autorotorgroup.com\/es\/maquinas-basicas\/\"]}]},{\"@type\":\"BreadcrumbList\",\"@id\":\"https:\/\/www.autorotorgroup.com\/es\/maquinas-basicas\/#breadcrumb\",\"itemListElement\":[{\"@type\":\"ListItem\",\"position\":1,\"name\":\"Home\",\"item\":\"https:\/\/www.autorotorgroup.com\/es\/inicio\/\"},{\"@type\":\"ListItem\",\"position\":2,\"name\":\"M\u00e1quinas b\u00e1sicas\"}]},{\"@type\":\"WebSite\",\"@id\":\"https:\/\/www.autorotorgroup.com\/es\/#website\",\"url\":\"https:\/\/www.autorotorgroup.com\/es\/\",\"name\":\"Autorotor Group\",\"description\":\"The Rotary Motion\",\"publisher\":{\"@id\":\"https:\/\/www.autorotorgroup.com\/es\/#organization\"},\"potentialAction\":[{\"@type\":\"SearchAction\",\"target\":{\"@type\":\"EntryPoint\",\"urlTemplate\":\"https:\/\/www.autorotorgroup.com\/es\/?s={search_term_string}\"},\"query-input\":{\"@type\":\"PropertyValueSpecification\",\"valueRequired\":true,\"valueName\":\"search_term_string\"}}],\"inLanguage\":\"es\"},{\"@type\":\"Organization\",\"@id\":\"https:\/\/www.autorotorgroup.com\/es\/#organization\",\"name\":\"Autorotor Group\",\"url\":\"https:\/\/www.autorotorgroup.com\/es\/\",\"logo\":{\"@type\":\"ImageObject\",\"inLanguage\":\"es\",\"@id\":\"https:\/\/www.autorotorgroup.com\/es\/#\/schema\/logo\/image\/\",\"url\":\"https:\/\/www.autorotorgroup.com\/wp-content\/uploads\/2020\/07\/autorotor-logo.png\",\"contentUrl\":\"https:\/\/www.autorotorgroup.com\/wp-content\/uploads\/2020\/07\/autorotor-logo.png\",\"width\":340,\"height\":156,\"caption\":\"Autorotor Group\"},\"image\":{\"@id\":\"https:\/\/www.autorotorgroup.com\/es\/#\/schema\/logo\/image\/\"}}]}<\/script>\n<!-- \/ Yoast SEO plugin. -->","yoast_head_json":{"title":"M\u00e1quinas b\u00e1sicas - Autorotor Group","robots":{"index":"index","follow":"follow","max-snippet":"max-snippet:-1","max-image-preview":"max-image-preview:large","max-video-preview":"max-video-preview:-1"},"canonical":"https:\/\/www.autorotorgroup.com\/es\/maquinas-basicas\/","og_locale":"es_ES","og_type":"article","og_title":"M\u00e1quinas b\u00e1sicas - Autorotor Group","og_url":"https:\/\/www.autorotorgroup.com\/es\/maquinas-basicas\/","og_site_name":"Autorotor Group","article_modified_time":"2021-05-04T15:08:20+00:00","twitter_card":"summary_large_image","twitter_misc":{"Tiempo de lectura":"2 minutos"},"schema":{"@context":"https:\/\/schema.org","@graph":[{"@type":"WebPage","@id":"https:\/\/www.autorotorgroup.com\/es\/maquinas-basicas\/","url":"https:\/\/www.autorotorgroup.com\/es\/maquinas-basicas\/","name":"M\u00e1quinas b\u00e1sicas - Autorotor Group","isPartOf":{"@id":"https:\/\/www.autorotorgroup.com\/es\/#website"},"datePublished":"2020-09-18T10:05:37+00:00","dateModified":"2021-05-04T15:08:20+00:00","breadcrumb":{"@id":"https:\/\/www.autorotorgroup.com\/es\/maquinas-basicas\/#breadcrumb"},"inLanguage":"es","potentialAction":[{"@type":"ReadAction","target":["https:\/\/www.autorotorgroup.com\/es\/maquinas-basicas\/"]}]},{"@type":"BreadcrumbList","@id":"https:\/\/www.autorotorgroup.com\/es\/maquinas-basicas\/#breadcrumb","itemListElement":[{"@type":"ListItem","position":1,"name":"Home","item":"https:\/\/www.autorotorgroup.com\/es\/inicio\/"},{"@type":"ListItem","position":2,"name":"M\u00e1quinas b\u00e1sicas"}]},{"@type":"WebSite","@id":"https:\/\/www.autorotorgroup.com\/es\/#website","url":"https:\/\/www.autorotorgroup.com\/es\/","name":"Autorotor Group","description":"The Rotary Motion","publisher":{"@id":"https:\/\/www.autorotorgroup.com\/es\/#organization"},"potentialAction":[{"@type":"SearchAction","target":{"@type":"EntryPoint","urlTemplate":"https:\/\/www.autorotorgroup.com\/es\/?s={search_term_string}"},"query-input":{"@type":"PropertyValueSpecification","valueRequired":true,"valueName":"search_term_string"}}],"inLanguage":"es"},{"@type":"Organization","@id":"https:\/\/www.autorotorgroup.com\/es\/#organization","name":"Autorotor Group","url":"https:\/\/www.autorotorgroup.com\/es\/","logo":{"@type":"ImageObject","inLanguage":"es","@id":"https:\/\/www.autorotorgroup.com\/es\/#\/schema\/logo\/image\/","url":"https:\/\/www.autorotorgroup.com\/wp-content\/uploads\/2020\/07\/autorotor-logo.png","contentUrl":"https:\/\/www.autorotorgroup.com\/wp-content\/uploads\/2020\/07\/autorotor-logo.png","width":340,"height":156,"caption":"Autorotor Group"},"image":{"@id":"https:\/\/www.autorotorgroup.com\/es\/#\/schema\/logo\/image\/"}}]}},"_links":{"self":[{"href":"https:\/\/www.autorotorgroup.com\/es\/wp-json\/wp\/v2\/pages\/3891"}],"collection":[{"href":"https:\/\/www.autorotorgroup.com\/es\/wp-json\/wp\/v2\/pages"}],"about":[{"href":"https:\/\/www.autorotorgroup.com\/es\/wp-json\/wp\/v2\/types\/page"}],"author":[{"embeddable":true,"href":"https:\/\/www.autorotorgroup.com\/es\/wp-json\/wp\/v2\/users\/1"}],"replies":[{"embeddable":true,"href":"https:\/\/www.autorotorgroup.com\/es\/wp-json\/wp\/v2\/comments?post=3891"}],"version-history":[{"count":3,"href":"https:\/\/www.autorotorgroup.com\/es\/wp-json\/wp\/v2\/pages\/3891\/revisions"}],"predecessor-version":[{"id":4191,"href":"https:\/\/www.autorotorgroup.com\/es\/wp-json\/wp\/v2\/pages\/3891\/revisions\/4191"}],"wp:attachment":[{"href":"https:\/\/www.autorotorgroup.com\/es\/wp-json\/wp\/v2\/media?parent=3891"}],"curies":[{"name":"wp","href":"https:\/\/api.w.org\/{rel}","templated":true}]}}