{"id":3805,"date":"2020-09-18T12:03:32","date_gmt":"2020-09-18T10:03:32","guid":{"rendered":"https:\/\/www.autorotorgroup.com\/nastro-trasportatore\/"},"modified":"2025-10-02T11:40:37","modified_gmt":"2025-10-02T09:40:37","slug":"foerderband","status":"publish","type":"page","link":"https:\/\/www.autorotorgroup.com\/de\/foerderband\/","title":{"rendered":"F\u00f6rderband"},"content":{"rendered":"\n<style type=\"text\/css\" data-created_by=\"avia_inline_auto\" id=\"style-css-av-keycdnj8-a38e14e1a00d4847c38a823cc95e6984\">\n.avia-section.av-keycdnj8-a38e14e1a00d4847c38a823cc95e6984 .av-parallax .av-parallax-inner{\nbackground-repeat:no-repeat;\nbackground-image:url(https:\/\/www.autorotorgroup.com\/wp-content\/uploads\/2020\/09\/sfondo-intestazione.jpg);\nbackground-position:50% 50%;\nbackground-attachment:scroll;\n}\n<\/style>\n<div id='av_section_1'  class='avia-section av-keycdnj8-a38e14e1a00d4847c38a823cc95e6984 main_color avia-section-default avia-no-border-styling  avia-builder-el-0  el_before_av_one_half  avia-builder-el-first  avia-full-stretch av-parallax-section avia-bg-style-parallax container_wrap fullsize'  data-section-bg-repeat='stretch'><div class='av-parallax' data-avia-parallax-ratio='0.3' ><div class='av-parallax-inner main_color avia-full-stretch'><\/div><\/div><div class='container av-section-cont-open' ><main  role=\"main\" itemprop=\"mainContentOfPage\"  class='template-page content  av-content-full alpha units'><div class='post-entry post-entry-type-page post-entry-3805'><div class='entry-content-wrapper clearfix'>\n\n<style type=\"text\/css\" data-created_by=\"avia_inline_auto\" id=\"style-css-av-keyc9dyo-f517d68f97b5770c15eddeda28757b0b\">\n#top .av_textblock_section.av-keyc9dyo-f517d68f97b5770c15eddeda28757b0b .avia_textblock{\ncolor:#ffffff;\n}\n<\/style>\n<section  class='av_textblock_section av-keyc9dyo-f517d68f97b5770c15eddeda28757b0b '   itemscope=\"itemscope\" itemtype=\"https:\/\/schema.org\/CreativeWork\" ><div class='avia_textblock av_inherit_color'  itemprop=\"text\" ><h1 style=\"text-align: center;\">F\u00f6rderband<\/h1>\n<\/div><\/section>\n<\/div><\/div><\/main><!-- close content main element --><\/div><\/div><div id='after_section_1'  class='main_color av_default_container_wrap container_wrap fullsize'  ><div class='container av-section-cont-open' ><div class='template-page content  av-content-full alpha units'><div class='post-entry post-entry-type-page post-entry-3805'><div class='entry-content-wrapper clearfix'>\n\n<style type=\"text\/css\" data-created_by=\"avia_inline_auto\" id=\"style-css-av-h5l84-e2fe94b828b24ec99a80b438c23bb7f0\">\n.flex_column.av-h5l84-e2fe94b828b24ec99a80b438c23bb7f0{\nborder-radius:0px 0px 0px 0px;\npadding:0px 0px 0px 0px;\n}\n<\/style>\n<div  class='flex_column av-h5l84-e2fe94b828b24ec99a80b438c23bb7f0 av_one_half  avia-builder-el-2  el_after_av_section  el_before_av_one_half  avia-builder-el-first  first flex_column_div av-zero-column-padding  '     ><section  class='av_textblock_section av-keycfflm-004f380144c235706fd388c2e18cb91c '   itemscope=\"itemscope\" itemtype=\"https:\/\/schema.org\/CreativeWork\" ><div class='avia_textblock'  itemprop=\"text\" ><h3>Merkmale<\/h3>\n<p>Autorotor hat ein neues modulares F\u00f6rderband, das f\u00fcr irgendwelchen Verarbeitungs-, Arzt-,<\/p>\n<p>Automobil-, Lebensmittel-, mechanischen, elektromechanischen, hydraulischen, usw. Bereich geeignet ist, entwickelt.<\/p>\n<p>Das ist ein modulares Band, das sich einfach an jedes dimensionale und produktive Bed\u00fcrfnis der Maschinenhersteller anpasst. Leicht, fest, mit einer Bewegung der Paletten, die von zwei Motorisierungstypologien flexibel gemacht wird:<\/p>\n<p>Ein mechanischer Schritt mit gepr\u00fcften mechanischen Einheiten Autorotor<\/p>\n<p>Ein elektronischer Schritt, der direkt vom Getriebe und Servomotor gehandelt wird<\/p>\n<h3>Pr\u00e4zision<\/h3>\n<p>Nominale Wiederholbarkeit \u00b1 0,05 mm (von DEA-Kontrolle \u00fcberpr\u00fcft und erkl\u00e4rt)<\/p>\n<h3>Zuverl\u00e4ssigkeit<\/h3>\n<p>Wir sind sicher \u00fcber die Qualit\u00e4t unseres Produkts: Wir stellen alle Bauteile, einschlie\u00dflich die Lager, her und deswegen bieten wir Ihnen 3 Jahre voller Garantie an<\/p>\n<\/div><\/section><\/div>\n<style type=\"text\/css\" data-created_by=\"avia_inline_auto\" id=\"style-css-av-bj00k-082281ded8f108a9b9115091e9908eb1\">\n.flex_column.av-bj00k-082281ded8f108a9b9115091e9908eb1{\nborder-radius:0px 0px 0px 0px;\npadding:0px 0px 0px 0px;\n}\n<\/style>\n<div  class='flex_column av-bj00k-082281ded8f108a9b9115091e9908eb1 av_one_half  avia-builder-el-4  el_after_av_one_half  avia-builder-el-last  flex_column_div av-zero-column-padding  '     ><div  data-slideshow-options=\"{&quot;animation&quot;:&quot;fade&quot;,&quot;autoplay&quot;:false,&quot;loop_autoplay&quot;:&quot;once&quot;,&quot;interval&quot;:5,&quot;loop_manual&quot;:&quot;manual-endless&quot;,&quot;autoplay_stopper&quot;:false,&quot;noNavigation&quot;:false,&quot;show_slide_delay&quot;:90}\" class='avia-content-slider avia-content-grid-active avia-content-slider1 avia-content-slider-even  avia-builder-el-5  avia-builder-el-no-sibling  av-slideshow-ui av-control-default   av-no-slider-navigation av-slideshow-manual av-loop-once av-loop-manual-endless '  itemscope=\"itemscope\" itemtype=\"https:\/\/schema.org\/Blog\" ><div class=\"avia-content-slider-inner\"><div class=\"slide-entry-wrap\"><article class='slide-entry flex_column  post-entry post-entry-3712 slide-entry-overview slide-loop-1 slide-parity-odd  av_one_half first real-thumbnail posttype-post post-format-standard'  itemscope=\"itemscope\" itemtype=\"https:\/\/schema.org\/CreativeWork\" ><a href='https:\/\/www.autorotorgroup.com\/de\/cb100\/' data-rel='slide-1' class='slide-image' title='CB100'><img decoding=\"async\" fetchpriority=\"high\" width=\"495\" height=\"400\" src=\"https:\/\/www.autorotorgroup.com\/wp-content\/uploads\/2020\/09\/Nastro-CB100-render-trasparente-495x400.jpg\" class=\"wp-image-3713 avia-img-lazy-loading-not-3713 attachment-portfolio size-portfolio wp-post-image\" alt=\"\" \/><\/a><div class=\"slide-content\"><header class=\"entry-content-header\" aria-label=\"Slide: CB100\"><span class=\"blog-categories minor-meta\"><a href=\"https:\/\/www.autorotorgroup.com\/de\/category\/nastro-trasportatore-de\/\" rel=\"tag\">F\u00f6rderband<\/a>, <a href=\"https:\/\/www.autorotorgroup.com\/de\/category\/prodotti-de\/\" rel=\"tag\">Produkte<\/a> <\/span><h3 class='slide-entry-title entry-title '  itemprop=\"headline\" ><a href='https:\/\/www.autorotorgroup.com\/de\/cb100\/' title='CB100'>CB100<\/a><\/h3><span class=\"av-vertical-delimiter\"><\/span><\/header><\/div><footer class=\"entry-footer\"><\/footer><span class='hidden'>\n\t\t\t\t<span class='av-structured-data'  itemprop=\"image\" itemscope=\"itemscope\" itemtype=\"https:\/\/schema.org\/ImageObject\" >\n\t\t\t\t\t\t<span itemprop='url'>https:\/\/www.autorotorgroup.com\/wp-content\/uploads\/2020\/09\/Nastro-CB100-render-trasparente.jpg<\/span>\n\t\t\t\t\t\t<span itemprop='height'>450<\/span>\n\t\t\t\t\t\t<span itemprop='width'>600<\/span>\n\t\t\t\t<\/span>\n\t\t\t\t<span class='av-structured-data'  itemprop=\"publisher\" itemtype=\"https:\/\/schema.org\/Organization\" itemscope=\"itemscope\" >\n\t\t\t\t\t\t<span itemprop='name'>Paolo<\/span>\n\t\t\t\t\t\t<span itemprop='logo' itemscope itemtype='https:\/\/schema.org\/ImageObject'>\n\t\t\t\t\t\t\t<span itemprop='url'>https:\/\/www.autorotorgroup.com\/wp-content\/uploads\/2020\/07\/autorotor-logo.png<\/span>\n\t\t\t\t\t\t<\/span>\n\t\t\t\t<\/span><span class='av-structured-data'  itemprop=\"author\" itemscope=\"itemscope\" itemtype=\"https:\/\/schema.org\/Person\" ><span itemprop='name'>Paolo<\/span><\/span><span class='av-structured-data'  itemprop=\"datePublished\" datetime=\"2020-09-18T12:03:32+02:00\" >2024-02-18 11:59:38<\/span><span class='av-structured-data'  itemprop=\"dateModified\" itemtype=\"https:\/\/schema.org\/dateModified\" >2024-12-17 13:57:05<\/span><span class='av-structured-data'  itemprop=\"mainEntityOfPage\" itemtype=\"https:\/\/schema.org\/mainEntityOfPage\" ><span itemprop='name'>CB100<\/span><\/span><\/span><\/article><article class='slide-entry flex_column  post-entry post-entry-8217 slide-entry-overview slide-loop-2 slide-parity-even  av_one_half  real-thumbnail posttype-post post-format-standard'  itemscope=\"itemscope\" itemtype=\"https:\/\/schema.org\/CreativeWork\" ><a href='https:\/\/www.autorotorgroup.com\/de\/cb150\/' data-rel='slide-1' class='slide-image' title='CB150'><img decoding=\"async\" fetchpriority=\"high\" width=\"495\" height=\"400\" src=\"https:\/\/www.autorotorgroup.com\/wp-content\/uploads\/2020\/02\/NASTRO_CB200_2000-495x400.jpg\" class=\"wp-image-3797 avia-img-lazy-loading-not-3797 attachment-portfolio size-portfolio wp-post-image\" alt=\"\" srcset=\"https:\/\/www.autorotorgroup.com\/wp-content\/uploads\/2020\/02\/NASTRO_CB200_2000.jpg 495w, https:\/\/www.autorotorgroup.com\/wp-content\/uploads\/2020\/02\/NASTRO_CB200_2000-300x242.jpg 300w\" sizes=\"(max-width: 495px) 100vw, 495px\" \/><\/a><div class=\"slide-content\"><header class=\"entry-content-header\" aria-label=\"Slide: CB150\"><span class=\"blog-categories minor-meta\"><a href=\"https:\/\/www.autorotorgroup.com\/de\/category\/nastro-trasportatore-de\/\" rel=\"tag\">F\u00f6rderband<\/a>, <a href=\"https:\/\/www.autorotorgroup.com\/de\/category\/prodotti-de\/\" rel=\"tag\">Produkte<\/a> <\/span><h3 class='slide-entry-title entry-title '  itemprop=\"headline\" ><a href='https:\/\/www.autorotorgroup.com\/de\/cb150\/' title='CB150'>CB150<\/a><\/h3><span class=\"av-vertical-delimiter\"><\/span><\/header><\/div><footer class=\"entry-footer\"><\/footer><span class='hidden'>\n\t\t\t\t<span class='av-structured-data'  itemprop=\"image\" itemscope=\"itemscope\" itemtype=\"https:\/\/schema.org\/ImageObject\" >\n\t\t\t\t\t\t<span itemprop='url'>https:\/\/www.autorotorgroup.com\/wp-content\/uploads\/2020\/02\/NASTRO_CB200_2000.jpg<\/span>\n\t\t\t\t\t\t<span itemprop='height'>400<\/span>\n\t\t\t\t\t\t<span itemprop='width'>495<\/span>\n\t\t\t\t<\/span>\n\t\t\t\t<span class='av-structured-data'  itemprop=\"publisher\" itemtype=\"https:\/\/schema.org\/Organization\" itemscope=\"itemscope\" >\n\t\t\t\t\t\t<span itemprop='name'>Daniele Comassi<\/span>\n\t\t\t\t\t\t<span itemprop='logo' itemscope itemtype='https:\/\/schema.org\/ImageObject'>\n\t\t\t\t\t\t\t<span itemprop='url'>https:\/\/www.autorotorgroup.com\/wp-content\/uploads\/2020\/07\/autorotor-logo.png<\/span>\n\t\t\t\t\t\t<\/span>\n\t\t\t\t<\/span><span class='av-structured-data'  itemprop=\"author\" itemscope=\"itemscope\" itemtype=\"https:\/\/schema.org\/Person\" ><span itemprop='name'>Daniele Comassi<\/span><\/span><span class='av-structured-data'  itemprop=\"datePublished\" datetime=\"2020-09-18T12:03:32+02:00\" >2024-01-12 11:24:26<\/span><span class='av-structured-data'  itemprop=\"dateModified\" itemtype=\"https:\/\/schema.org\/dateModified\" >2024-01-12 12:00:10<\/span><span class='av-structured-data'  itemprop=\"mainEntityOfPage\" itemtype=\"https:\/\/schema.org\/mainEntityOfPage\" ><span itemprop='name'>CB150<\/span><\/span><\/span><\/article><\/div><div class=\"slide-entry-wrap\"><article class='slide-entry flex_column  post-entry post-entry-3795 slide-entry-overview slide-loop-3 slide-parity-odd  av_one_half first real-thumbnail posttype-post post-format-standard'  itemscope=\"itemscope\" itemtype=\"https:\/\/schema.org\/CreativeWork\" ><a href='https:\/\/www.autorotorgroup.com\/de\/cb200\/' data-rel='slide-1' class='slide-image' title='CB200'><img decoding=\"async\" fetchpriority=\"high\" width=\"495\" height=\"400\" src=\"https:\/\/www.autorotorgroup.com\/wp-content\/uploads\/2020\/02\/NASTRO_CB200_2000-495x400.jpg\" class=\"wp-image-3797 avia-img-lazy-loading-not-3797 attachment-portfolio size-portfolio wp-post-image\" alt=\"\" srcset=\"https:\/\/www.autorotorgroup.com\/wp-content\/uploads\/2020\/02\/NASTRO_CB200_2000.jpg 495w, https:\/\/www.autorotorgroup.com\/wp-content\/uploads\/2020\/02\/NASTRO_CB200_2000-300x242.jpg 300w\" sizes=\"(max-width: 495px) 100vw, 495px\" \/><\/a><div class=\"slide-content\"><header class=\"entry-content-header\" aria-label=\"Slide: CB200\"><span class=\"blog-categories minor-meta\"><a href=\"https:\/\/www.autorotorgroup.com\/de\/category\/nastro-trasportatore-de\/\" rel=\"tag\">F\u00f6rderband<\/a>, <a href=\"https:\/\/www.autorotorgroup.com\/de\/category\/prodotti-de\/\" rel=\"tag\">Produkte<\/a> <\/span><h3 class='slide-entry-title entry-title '  itemprop=\"headline\" ><a href='https:\/\/www.autorotorgroup.com\/de\/cb200\/' title='CB200'>CB200<\/a><\/h3><span class=\"av-vertical-delimiter\"><\/span><\/header><\/div><footer class=\"entry-footer\"><\/footer><span class='hidden'>\n\t\t\t\t<span class='av-structured-data'  itemprop=\"image\" itemscope=\"itemscope\" itemtype=\"https:\/\/schema.org\/ImageObject\" >\n\t\t\t\t\t\t<span itemprop='url'>https:\/\/www.autorotorgroup.com\/wp-content\/uploads\/2020\/02\/NASTRO_CB200_2000.jpg<\/span>\n\t\t\t\t\t\t<span itemprop='height'>400<\/span>\n\t\t\t\t\t\t<span itemprop='width'>495<\/span>\n\t\t\t\t<\/span>\n\t\t\t\t<span class='av-structured-data'  itemprop=\"publisher\" itemtype=\"https:\/\/schema.org\/Organization\" itemscope=\"itemscope\" >\n\t\t\t\t\t\t<span itemprop='name'>Paolo<\/span>\n\t\t\t\t\t\t<span itemprop='logo' itemscope itemtype='https:\/\/schema.org\/ImageObject'>\n\t\t\t\t\t\t\t<span itemprop='url'>https:\/\/www.autorotorgroup.com\/wp-content\/uploads\/2020\/07\/autorotor-logo.png<\/span>\n\t\t\t\t\t\t<\/span>\n\t\t\t\t<\/span><span class='av-structured-data'  itemprop=\"author\" itemscope=\"itemscope\" itemtype=\"https:\/\/schema.org\/Person\" ><span itemprop='name'>Paolo<\/span><\/span><span class='av-structured-data'  itemprop=\"datePublished\" datetime=\"2020-09-18T12:03:32+02:00\" >2020-02-16 15:58:06<\/span><span class='av-structured-data'  itemprop=\"dateModified\" itemtype=\"https:\/\/schema.org\/dateModified\" >2021-05-10 09:14:32<\/span><span class='av-structured-data'  itemprop=\"mainEntityOfPage\" itemtype=\"https:\/\/schema.org\/mainEntityOfPage\" ><span itemprop='name'>CB200<\/span><\/span><\/span><\/article><article class='slide-entry flex_column  post-entry post-entry-7266 slide-entry-overview slide-loop-4 slide-parity-even  post-entry-last  av_one_half  real-thumbnail posttype-post post-format-standard'  itemscope=\"itemscope\" itemtype=\"https:\/\/schema.org\/CreativeWork\" ><a href='https:\/\/www.autorotorgroup.com\/de\/cb250\/' data-rel='slide-1' class='slide-image' title='CB250'><img decoding=\"async\" fetchpriority=\"high\" width=\"454\" height=\"313\" src=\"https:\/\/www.autorotorgroup.com\/wp-content\/uploads\/2020\/02\/CB250-1.jpg\" class=\"wp-image-8536 avia-img-lazy-loading-not-8536 attachment-portfolio size-portfolio wp-post-image\" alt=\"\" srcset=\"https:\/\/www.autorotorgroup.com\/wp-content\/uploads\/2020\/02\/CB250-1.jpg 454w, https:\/\/www.autorotorgroup.com\/wp-content\/uploads\/2020\/02\/CB250-1-300x207.jpg 300w\" sizes=\"(max-width: 454px) 100vw, 454px\" \/><\/a><div class=\"slide-content\"><header class=\"entry-content-header\" aria-label=\"Slide: CB250\"><span class=\"blog-categories minor-meta\"><a href=\"https:\/\/www.autorotorgroup.com\/de\/category\/nastro-trasportatore-de\/\" rel=\"tag\">F\u00f6rderband<\/a>, <a href=\"https:\/\/www.autorotorgroup.com\/de\/category\/prodotti-de\/\" rel=\"tag\">Produkte<\/a> <\/span><h3 class='slide-entry-title entry-title '  itemprop=\"headline\" ><a href='https:\/\/www.autorotorgroup.com\/de\/cb250\/' title='CB250'>CB250<\/a><\/h3><span class=\"av-vertical-delimiter\"><\/span><\/header><\/div><footer class=\"entry-footer\"><\/footer><span class='hidden'>\n\t\t\t\t<span class='av-structured-data'  itemprop=\"image\" itemscope=\"itemscope\" itemtype=\"https:\/\/schema.org\/ImageObject\" >\n\t\t\t\t\t\t<span itemprop='url'>https:\/\/www.autorotorgroup.com\/wp-content\/uploads\/2020\/02\/CB250-1.jpg<\/span>\n\t\t\t\t\t\t<span itemprop='height'>313<\/span>\n\t\t\t\t\t\t<span itemprop='width'>454<\/span>\n\t\t\t\t<\/span>\n\t\t\t\t<span class='av-structured-data'  itemprop=\"publisher\" itemtype=\"https:\/\/schema.org\/Organization\" itemscope=\"itemscope\" >\n\t\t\t\t\t\t<span itemprop='name'>Daniele Comassi<\/span>\n\t\t\t\t\t\t<span itemprop='logo' itemscope itemtype='https:\/\/schema.org\/ImageObject'>\n\t\t\t\t\t\t\t<span itemprop='url'>https:\/\/www.autorotorgroup.com\/wp-content\/uploads\/2020\/07\/autorotor-logo.png<\/span>\n\t\t\t\t\t\t<\/span>\n\t\t\t\t<\/span><span class='av-structured-data'  itemprop=\"author\" itemscope=\"itemscope\" itemtype=\"https:\/\/schema.org\/Person\" ><span itemprop='name'>Daniele Comassi<\/span><\/span><span class='av-structured-data'  itemprop=\"datePublished\" datetime=\"2020-09-18T12:03:32+02:00\" >2020-01-15 09:03:16<\/span><span class='av-structured-data'  itemprop=\"dateModified\" itemtype=\"https:\/\/schema.org\/dateModified\" >2024-12-17 13:58:24<\/span><span class='av-structured-data'  itemprop=\"mainEntityOfPage\" itemtype=\"https:\/\/schema.org\/mainEntityOfPage\" ><span itemprop='name'>CB250<\/span><\/span><\/span><\/article><\/div><\/div><\/div><\/div><\/p>\n","protected":false},"excerpt":{"rendered":"","protected":false},"author":1,"featured_media":0,"parent":0,"menu_order":0,"comment_status":"closed","ping_status":"closed","template":"","meta":{"footnotes":""},"class_list":["post-3805","page","type-page","status-publish","hentry"],"yoast_head":"<!-- This site is optimized with the Yoast SEO plugin v25.6 - https:\/\/yoast.com\/wordpress\/plugins\/seo\/ -->\n<title>F\u00f6rderband - Autorotor Group<\/title>\n<meta name=\"robots\" content=\"index, follow, max-snippet:-1, max-image-preview:large, max-video-preview:-1\" \/>\n<link rel=\"canonical\" href=\"https:\/\/www.autorotorgroup.com\/de\/foerderband\/\" \/>\n<meta property=\"og:locale\" content=\"de_DE\" \/>\n<meta property=\"og:type\" content=\"article\" \/>\n<meta property=\"og:title\" content=\"F\u00f6rderband - Autorotor Group\" \/>\n<meta property=\"og:url\" content=\"https:\/\/www.autorotorgroup.com\/de\/foerderband\/\" \/>\n<meta property=\"og:site_name\" content=\"Autorotor Group\" \/>\n<meta property=\"article:modified_time\" content=\"2025-10-02T09:40:37+00:00\" \/>\n<meta name=\"twitter:card\" content=\"summary_large_image\" \/>\n<meta name=\"twitter:label1\" content=\"Gesch\u00e4tzte Lesezeit\" \/>\n\t<meta name=\"twitter:data1\" content=\"3\u00a0Minuten\" \/>\n<script type=\"application\/ld+json\" class=\"yoast-schema-graph\">{\"@context\":\"https:\/\/schema.org\",\"@graph\":[{\"@type\":\"WebPage\",\"@id\":\"https:\/\/www.autorotorgroup.com\/de\/foerderband\/\",\"url\":\"https:\/\/www.autorotorgroup.com\/de\/foerderband\/\",\"name\":\"F\u00f6rderband - Autorotor Group\",\"isPartOf\":{\"@id\":\"https:\/\/www.autorotorgroup.com\/de\/#website\"},\"datePublished\":\"2020-09-18T10:03:32+00:00\",\"dateModified\":\"2025-10-02T09:40:37+00:00\",\"breadcrumb\":{\"@id\":\"https:\/\/www.autorotorgroup.com\/de\/foerderband\/#breadcrumb\"},\"inLanguage\":\"de\",\"potentialAction\":[{\"@type\":\"ReadAction\",\"target\":[\"https:\/\/www.autorotorgroup.com\/de\/foerderband\/\"]}]},{\"@type\":\"BreadcrumbList\",\"@id\":\"https:\/\/www.autorotorgroup.com\/de\/foerderband\/#breadcrumb\",\"itemListElement\":[{\"@type\":\"ListItem\",\"position\":1,\"name\":\"Home\",\"item\":\"https:\/\/www.autorotorgroup.com\/de\/homepage\/\"},{\"@type\":\"ListItem\",\"position\":2,\"name\":\"F\u00f6rderband\"}]},{\"@type\":\"WebSite\",\"@id\":\"https:\/\/www.autorotorgroup.com\/de\/#website\",\"url\":\"https:\/\/www.autorotorgroup.com\/de\/\",\"name\":\"Autorotor Group\",\"description\":\"The Rotary Motion\",\"publisher\":{\"@id\":\"https:\/\/www.autorotorgroup.com\/de\/#organization\"},\"potentialAction\":[{\"@type\":\"SearchAction\",\"target\":{\"@type\":\"EntryPoint\",\"urlTemplate\":\"https:\/\/www.autorotorgroup.com\/de\/?s={search_term_string}\"},\"query-input\":{\"@type\":\"PropertyValueSpecification\",\"valueRequired\":true,\"valueName\":\"search_term_string\"}}],\"inLanguage\":\"de\"},{\"@type\":\"Organization\",\"@id\":\"https:\/\/www.autorotorgroup.com\/de\/#organization\",\"name\":\"Autorotor Group\",\"url\":\"https:\/\/www.autorotorgroup.com\/de\/\",\"logo\":{\"@type\":\"ImageObject\",\"inLanguage\":\"de\",\"@id\":\"https:\/\/www.autorotorgroup.com\/de\/#\/schema\/logo\/image\/\",\"url\":\"https:\/\/www.autorotorgroup.com\/wp-content\/uploads\/2020\/07\/autorotor-logo.png\",\"contentUrl\":\"https:\/\/www.autorotorgroup.com\/wp-content\/uploads\/2020\/07\/autorotor-logo.png\",\"width\":340,\"height\":156,\"caption\":\"Autorotor Group\"},\"image\":{\"@id\":\"https:\/\/www.autorotorgroup.com\/de\/#\/schema\/logo\/image\/\"}}]}<\/script>\n<!-- \/ Yoast SEO plugin. -->","yoast_head_json":{"title":"F\u00f6rderband - Autorotor Group","robots":{"index":"index","follow":"follow","max-snippet":"max-snippet:-1","max-image-preview":"max-image-preview:large","max-video-preview":"max-video-preview:-1"},"canonical":"https:\/\/www.autorotorgroup.com\/de\/foerderband\/","og_locale":"de_DE","og_type":"article","og_title":"F\u00f6rderband - Autorotor Group","og_url":"https:\/\/www.autorotorgroup.com\/de\/foerderband\/","og_site_name":"Autorotor Group","article_modified_time":"2025-10-02T09:40:37+00:00","twitter_card":"summary_large_image","twitter_misc":{"Gesch\u00e4tzte Lesezeit":"3\u00a0Minuten"},"schema":{"@context":"https:\/\/schema.org","@graph":[{"@type":"WebPage","@id":"https:\/\/www.autorotorgroup.com\/de\/foerderband\/","url":"https:\/\/www.autorotorgroup.com\/de\/foerderband\/","name":"F\u00f6rderband - Autorotor Group","isPartOf":{"@id":"https:\/\/www.autorotorgroup.com\/de\/#website"},"datePublished":"2020-09-18T10:03:32+00:00","dateModified":"2025-10-02T09:40:37+00:00","breadcrumb":{"@id":"https:\/\/www.autorotorgroup.com\/de\/foerderband\/#breadcrumb"},"inLanguage":"de","potentialAction":[{"@type":"ReadAction","target":["https:\/\/www.autorotorgroup.com\/de\/foerderband\/"]}]},{"@type":"BreadcrumbList","@id":"https:\/\/www.autorotorgroup.com\/de\/foerderband\/#breadcrumb","itemListElement":[{"@type":"ListItem","position":1,"name":"Home","item":"https:\/\/www.autorotorgroup.com\/de\/homepage\/"},{"@type":"ListItem","position":2,"name":"F\u00f6rderband"}]},{"@type":"WebSite","@id":"https:\/\/www.autorotorgroup.com\/de\/#website","url":"https:\/\/www.autorotorgroup.com\/de\/","name":"Autorotor Group","description":"The Rotary Motion","publisher":{"@id":"https:\/\/www.autorotorgroup.com\/de\/#organization"},"potentialAction":[{"@type":"SearchAction","target":{"@type":"EntryPoint","urlTemplate":"https:\/\/www.autorotorgroup.com\/de\/?s={search_term_string}"},"query-input":{"@type":"PropertyValueSpecification","valueRequired":true,"valueName":"search_term_string"}}],"inLanguage":"de"},{"@type":"Organization","@id":"https:\/\/www.autorotorgroup.com\/de\/#organization","name":"Autorotor Group","url":"https:\/\/www.autorotorgroup.com\/de\/","logo":{"@type":"ImageObject","inLanguage":"de","@id":"https:\/\/www.autorotorgroup.com\/de\/#\/schema\/logo\/image\/","url":"https:\/\/www.autorotorgroup.com\/wp-content\/uploads\/2020\/07\/autorotor-logo.png","contentUrl":"https:\/\/www.autorotorgroup.com\/wp-content\/uploads\/2020\/07\/autorotor-logo.png","width":340,"height":156,"caption":"Autorotor Group"},"image":{"@id":"https:\/\/www.autorotorgroup.com\/de\/#\/schema\/logo\/image\/"}}]}},"_links":{"self":[{"href":"https:\/\/www.autorotorgroup.com\/de\/wp-json\/wp\/v2\/pages\/3805"}],"collection":[{"href":"https:\/\/www.autorotorgroup.com\/de\/wp-json\/wp\/v2\/pages"}],"about":[{"href":"https:\/\/www.autorotorgroup.com\/de\/wp-json\/wp\/v2\/types\/page"}],"author":[{"embeddable":true,"href":"https:\/\/www.autorotorgroup.com\/de\/wp-json\/wp\/v2\/users\/1"}],"replies":[{"embeddable":true,"href":"https:\/\/www.autorotorgroup.com\/de\/wp-json\/wp\/v2\/comments?post=3805"}],"version-history":[{"count":4,"href":"https:\/\/www.autorotorgroup.com\/de\/wp-json\/wp\/v2\/pages\/3805\/revisions"}],"predecessor-version":[{"id":9552,"href":"https:\/\/www.autorotorgroup.com\/de\/wp-json\/wp\/v2\/pages\/3805\/revisions\/9552"}],"wp:attachment":[{"href":"https:\/\/www.autorotorgroup.com\/de\/wp-json\/wp\/v2\/media?parent=3805"}],"curies":[{"name":"wp","href":"https:\/\/api.w.org\/{rel}","templated":true}]}}