{"id":3624,"date":"2020-09-17T15:35:18","date_gmt":"2020-09-17T13:35:18","guid":{"rendered":"https:\/\/www.autorotorgroup.com\/manipolatori\/"},"modified":"2021-04-28T14:06:02","modified_gmt":"2021-04-28T12:06:02","slug":"manipulatoren","status":"publish","type":"page","link":"https:\/\/www.autorotorgroup.com\/de\/manipulatoren\/","title":{"rendered":"Manipulatoren"},"content":{"rendered":"\n<style type=\"text\/css\" data-created_by=\"avia_inline_auto\" id=\"style-css-av-keycdnj8-a38e14e1a00d4847c38a823cc95e6984\">\n.avia-section.av-keycdnj8-a38e14e1a00d4847c38a823cc95e6984 .av-parallax .av-parallax-inner{\nbackground-repeat:no-repeat;\nbackground-image:url(https:\/\/www.autorotorgroup.com\/wp-content\/uploads\/2020\/09\/sfondo-intestazione.jpg);\nbackground-position:50% 50%;\nbackground-attachment:scroll;\n}\n<\/style>\n<div id='av_section_1'  class='avia-section av-keycdnj8-a38e14e1a00d4847c38a823cc95e6984 main_color avia-section-default avia-no-border-styling  avia-builder-el-0  el_before_av_one_half  avia-builder-el-first  avia-full-stretch av-parallax-section avia-bg-style-parallax container_wrap fullsize'  data-section-bg-repeat='stretch'><div class='av-parallax' data-avia-parallax-ratio='0.3' ><div class='av-parallax-inner main_color avia-full-stretch'><\/div><\/div><div class='container av-section-cont-open' ><main  role=\"main\" itemprop=\"mainContentOfPage\"  class='template-page content  av-content-full alpha units'><div class='post-entry post-entry-type-page post-entry-3624'><div class='entry-content-wrapper clearfix'>\n\n<style type=\"text\/css\" data-created_by=\"avia_inline_auto\" id=\"style-css-av-keyc9dyo-f517d68f97b5770c15eddeda28757b0b\">\n#top .av_textblock_section.av-keyc9dyo-f517d68f97b5770c15eddeda28757b0b .avia_textblock{\ncolor:#ffffff;\n}\n<\/style>\n<section  class='av_textblock_section av-keyc9dyo-f517d68f97b5770c15eddeda28757b0b '   itemscope=\"itemscope\" itemtype=\"https:\/\/schema.org\/CreativeWork\" ><div class='avia_textblock av_inherit_color'  itemprop=\"text\" ><h1 style=\"text-align: center;\">Manipulatoren<\/h1>\n<\/div><\/section>\n<\/div><\/div><\/main><!-- close content main element --><\/div><\/div><div id='after_section_1'  class='main_color av_default_container_wrap container_wrap fullsize'  ><div class='container av-section-cont-open' ><div class='template-page content  av-content-full alpha units'><div class='post-entry post-entry-type-page post-entry-3624'><div class='entry-content-wrapper clearfix'>\n\n<style type=\"text\/css\" data-created_by=\"avia_inline_auto\" id=\"style-css-av-h5l84-e2fe94b828b24ec99a80b438c23bb7f0\">\n.flex_column.av-h5l84-e2fe94b828b24ec99a80b438c23bb7f0{\nborder-radius:0px 0px 0px 0px;\npadding:0px 0px 0px 0px;\n}\n<\/style>\n<div  class='flex_column av-h5l84-e2fe94b828b24ec99a80b438c23bb7f0 av_one_half  avia-builder-el-2  el_after_av_section  el_before_av_one_half  avia-builder-el-first  first flex_column_div av-zero-column-padding  '     ><section  class='av_textblock_section av-keycfflm-b96549b7ad7e1d22644d25cd43a76d55 '   itemscope=\"itemscope\" itemtype=\"https:\/\/schema.org\/CreativeWork\" ><div class='avia_textblock'  itemprop=\"text\" ><h3>Manipulatoren<\/h3>\n<p>Systeme zur Bewegung von Teilen, deren Masse \u00fcblicherweise beschr\u00e4nkt ist. Diese Teile werden zwischen vorgegebenen Punkten \u00fcbertragen. Die geordnete Reihe der Bewegungen erm\u00f6glicht eine Vielzahl von Pick-and-Place-Verfahren mit genauen und zarten Verlagerungen ohne Schwingungen, auch mit hoher Geschwindigkeit. Die Manipulatoren k\u00f6nnen mechanisch (mit Nocken) oder elektronisch (mit Linearmotor) sein und lineare und winklige Bewegungen durchf\u00fchren. Hohe Wiederholbarkeit, Festigkeit, niedrigste installierte Antriebskraft und wenige Wartung sind die Merkmale der Manipulatoren Autorotor, die die Benutzung des Systems vereinfachen. Au\u00dferdem erm\u00f6glichen sie die mechanische Synchronisierung des Maschinenzyklus.<\/p>\n<\/div><\/section><\/div>\n\n<style type=\"text\/css\" data-created_by=\"avia_inline_auto\" id=\"style-css-av-bj00k-082281ded8f108a9b9115091e9908eb1\">\n.flex_column.av-bj00k-082281ded8f108a9b9115091e9908eb1{\nborder-radius:0px 0px 0px 0px;\npadding:0px 0px 0px 0px;\n}\n<\/style>\n<div  class='flex_column av-bj00k-082281ded8f108a9b9115091e9908eb1 av_one_half  avia-builder-el-4  el_after_av_one_half  avia-builder-el-last  flex_column_div av-zero-column-padding  '     ><div  data-slideshow-options=\"{&quot;animation&quot;:&quot;fade&quot;,&quot;autoplay&quot;:false,&quot;loop_autoplay&quot;:&quot;once&quot;,&quot;interval&quot;:5,&quot;loop_manual&quot;:&quot;manual-endless&quot;,&quot;autoplay_stopper&quot;:false,&quot;noNavigation&quot;:false,&quot;show_slide_delay&quot;:90}\" class='avia-content-slider avia-content-grid-active avia-content-slider1 avia-content-slider-even  avia-builder-el-5  avia-builder-el-no-sibling  av-slideshow-ui av-control-default   av-no-slider-navigation av-slideshow-manual av-loop-once av-loop-manual-endless '  itemscope=\"itemscope\" itemtype=\"https:\/\/schema.org\/Blog\" ><div class=\"avia-content-slider-inner\"><div class=\"slide-entry-wrap\"><article class='slide-entry flex_column  post-entry post-entry-3720 slide-entry-overview slide-loop-1 slide-parity-odd  av_one_half first real-thumbnail posttype-post post-format-standard'  itemscope=\"itemscope\" itemtype=\"https:\/\/schema.org\/CreativeWork\" ><a href='https:\/\/www.autorotorgroup.com\/de\/brmt2\/' data-rel='slide-1' class='slide-image' title='BRMT2'><img decoding=\"async\" fetchpriority=\"high\" width=\"495\" height=\"389\" src=\"https:\/\/www.autorotorgroup.com\/wp-content\/uploads\/2020\/09\/BRMT2-495x389.jpg\" class=\"wp-image-3721 avia-img-lazy-loading-not-3721 attachment-portfolio size-portfolio wp-post-image\" alt=\"\" \/><\/a><div class=\"slide-content\"><header class=\"entry-content-header\" aria-label=\"Slide: BRMT2\"><span class=\"blog-categories minor-meta\"><a href=\"https:\/\/www.autorotorgroup.com\/de\/category\/manipolatori-de\/\" rel=\"tag\">Manipolatoren<\/a>, <a href=\"https:\/\/www.autorotorgroup.com\/de\/category\/prodotti-de\/\" rel=\"tag\">Produkte<\/a> <\/span><h3 class='slide-entry-title entry-title '  itemprop=\"headline\" ><a href='https:\/\/www.autorotorgroup.com\/de\/brmt2\/' title='BRMT2'>BRMT2<\/a><\/h3><span class=\"av-vertical-delimiter\"><\/span><\/header><\/div><footer class=\"entry-footer\"><\/footer><span class='hidden'>\n\t\t\t\t<span class='av-structured-data'  itemprop=\"image\" itemscope=\"itemscope\" itemtype=\"https:\/\/schema.org\/ImageObject\" >\n\t\t\t\t\t\t<span itemprop='url'>https:\/\/www.autorotorgroup.com\/wp-content\/uploads\/2020\/09\/BRMT2.jpg<\/span>\n\t\t\t\t\t\t<span itemprop='height'>389<\/span>\n\t\t\t\t\t\t<span itemprop='width'>600<\/span>\n\t\t\t\t<\/span>\n\t\t\t\t<span class='av-structured-data'  itemprop=\"publisher\" itemtype=\"https:\/\/schema.org\/Organization\" itemscope=\"itemscope\" >\n\t\t\t\t\t\t<span itemprop='name'>Paolo<\/span>\n\t\t\t\t\t\t<span itemprop='logo' itemscope itemtype='https:\/\/schema.org\/ImageObject'>\n\t\t\t\t\t\t\t<span itemprop='url'>https:\/\/www.autorotorgroup.com\/wp-content\/uploads\/2020\/07\/autorotor-logo.png<\/span>\n\t\t\t\t\t\t<\/span>\n\t\t\t\t<\/span><span class='av-structured-data'  itemprop=\"author\" itemscope=\"itemscope\" itemtype=\"https:\/\/schema.org\/Person\" ><span itemprop='name'>Paolo<\/span><\/span><span class='av-structured-data'  itemprop=\"datePublished\" datetime=\"2020-09-17T15:35:18+02:00\" >2020-09-17 15:16:33<\/span><span class='av-structured-data'  itemprop=\"dateModified\" itemtype=\"https:\/\/schema.org\/dateModified\" >2021-04-29 17:06:19<\/span><span class='av-structured-data'  itemprop=\"mainEntityOfPage\" itemtype=\"https:\/\/schema.org\/mainEntityOfPage\" ><span itemprop='name'>BRMT2<\/span><\/span><\/span><\/article><article class='slide-entry flex_column  post-entry post-entry-3726 slide-entry-overview slide-loop-2 slide-parity-even  av_one_half  real-thumbnail posttype-post post-format-standard'  itemscope=\"itemscope\" itemtype=\"https:\/\/schema.org\/CreativeWork\" ><a href='https:\/\/www.autorotorgroup.com\/de\/brmt3\/' data-rel='slide-1' class='slide-image' title='BRMT3'><img decoding=\"async\" fetchpriority=\"high\" width=\"495\" height=\"389\" src=\"https:\/\/www.autorotorgroup.com\/wp-content\/uploads\/2020\/09\/BRMT3-495x389.jpg\" class=\"wp-image-3727 avia-img-lazy-loading-not-3727 attachment-portfolio size-portfolio wp-post-image\" alt=\"\" \/><\/a><div class=\"slide-content\"><header class=\"entry-content-header\" aria-label=\"Slide: BRMT3\"><span class=\"blog-categories minor-meta\"><a href=\"https:\/\/www.autorotorgroup.com\/de\/category\/manipolatori-de\/\" rel=\"tag\">Manipolatoren<\/a>, <a href=\"https:\/\/www.autorotorgroup.com\/de\/category\/prodotti-de\/\" rel=\"tag\">Produkte<\/a> <\/span><h3 class='slide-entry-title entry-title '  itemprop=\"headline\" ><a href='https:\/\/www.autorotorgroup.com\/de\/brmt3\/' title='BRMT3'>BRMT3<\/a><\/h3><span class=\"av-vertical-delimiter\"><\/span><\/header><\/div><footer class=\"entry-footer\"><\/footer><span class='hidden'>\n\t\t\t\t<span class='av-structured-data'  itemprop=\"image\" itemscope=\"itemscope\" itemtype=\"https:\/\/schema.org\/ImageObject\" >\n\t\t\t\t\t\t<span itemprop='url'>https:\/\/www.autorotorgroup.com\/wp-content\/uploads\/2020\/09\/BRMT3.jpg<\/span>\n\t\t\t\t\t\t<span itemprop='height'>389<\/span>\n\t\t\t\t\t\t<span itemprop='width'>600<\/span>\n\t\t\t\t<\/span>\n\t\t\t\t<span class='av-structured-data'  itemprop=\"publisher\" itemtype=\"https:\/\/schema.org\/Organization\" itemscope=\"itemscope\" >\n\t\t\t\t\t\t<span itemprop='name'>Paolo<\/span>\n\t\t\t\t\t\t<span itemprop='logo' itemscope itemtype='https:\/\/schema.org\/ImageObject'>\n\t\t\t\t\t\t\t<span itemprop='url'>https:\/\/www.autorotorgroup.com\/wp-content\/uploads\/2020\/07\/autorotor-logo.png<\/span>\n\t\t\t\t\t\t<\/span>\n\t\t\t\t<\/span><span class='av-structured-data'  itemprop=\"author\" itemscope=\"itemscope\" itemtype=\"https:\/\/schema.org\/Person\" ><span itemprop='name'>Paolo<\/span><\/span><span class='av-structured-data'  itemprop=\"datePublished\" datetime=\"2020-09-17T15:35:18+02:00\" >2020-09-17 15:15:46<\/span><span class='av-structured-data'  itemprop=\"dateModified\" itemtype=\"https:\/\/schema.org\/dateModified\" >2021-04-29 17:02:11<\/span><span class='av-structured-data'  itemprop=\"mainEntityOfPage\" itemtype=\"https:\/\/schema.org\/mainEntityOfPage\" ><span itemprop='name'>BRMT3<\/span><\/span><\/span><\/article><\/div><div class=\"slide-entry-wrap\"><article class='slide-entry flex_column  post-entry post-entry-3732 slide-entry-overview slide-loop-3 slide-parity-odd  av_one_half first real-thumbnail posttype-post post-format-standard'  itemscope=\"itemscope\" itemtype=\"https:\/\/schema.org\/CreativeWork\" ><a href='https:\/\/www.autorotorgroup.com\/de\/brm2\/' data-rel='slide-1' class='slide-image' title='BRM2'><img decoding=\"async\" fetchpriority=\"high\" width=\"495\" height=\"389\" src=\"https:\/\/www.autorotorgroup.com\/wp-content\/uploads\/2020\/09\/BRM2-495x389.jpg\" class=\"wp-image-3733 avia-img-lazy-loading-not-3733 attachment-portfolio size-portfolio wp-post-image\" alt=\"\" \/><\/a><div class=\"slide-content\"><header class=\"entry-content-header\" aria-label=\"Slide: BRM2\"><span class=\"blog-categories minor-meta\"><a href=\"https:\/\/www.autorotorgroup.com\/de\/category\/manipolatori-de\/\" rel=\"tag\">Manipolatoren<\/a>, <a href=\"https:\/\/www.autorotorgroup.com\/de\/category\/prodotti-de\/\" rel=\"tag\">Produkte<\/a> <\/span><h3 class='slide-entry-title entry-title '  itemprop=\"headline\" ><a href='https:\/\/www.autorotorgroup.com\/de\/brm2\/' title='BRM2'>BRM2<\/a><\/h3><span class=\"av-vertical-delimiter\"><\/span><\/header><\/div><footer class=\"entry-footer\"><\/footer><span class='hidden'>\n\t\t\t\t<span class='av-structured-data'  itemprop=\"image\" itemscope=\"itemscope\" itemtype=\"https:\/\/schema.org\/ImageObject\" >\n\t\t\t\t\t\t<span itemprop='url'>https:\/\/www.autorotorgroup.com\/wp-content\/uploads\/2020\/09\/BRM2.jpg<\/span>\n\t\t\t\t\t\t<span itemprop='height'>389<\/span>\n\t\t\t\t\t\t<span itemprop='width'>600<\/span>\n\t\t\t\t<\/span>\n\t\t\t\t<span class='av-structured-data'  itemprop=\"publisher\" itemtype=\"https:\/\/schema.org\/Organization\" itemscope=\"itemscope\" >\n\t\t\t\t\t\t<span itemprop='name'>Paolo<\/span>\n\t\t\t\t\t\t<span itemprop='logo' itemscope itemtype='https:\/\/schema.org\/ImageObject'>\n\t\t\t\t\t\t\t<span itemprop='url'>https:\/\/www.autorotorgroup.com\/wp-content\/uploads\/2020\/07\/autorotor-logo.png<\/span>\n\t\t\t\t\t\t<\/span>\n\t\t\t\t<\/span><span class='av-structured-data'  itemprop=\"author\" itemscope=\"itemscope\" itemtype=\"https:\/\/schema.org\/Person\" ><span itemprop='name'>Paolo<\/span><\/span><span class='av-structured-data'  itemprop=\"datePublished\" datetime=\"2020-09-17T15:35:18+02:00\" >2020-09-17 15:14:20<\/span><span class='av-structured-data'  itemprop=\"dateModified\" itemtype=\"https:\/\/schema.org\/dateModified\" >2021-04-29 17:06:59<\/span><span class='av-structured-data'  itemprop=\"mainEntityOfPage\" itemtype=\"https:\/\/schema.org\/mainEntityOfPage\" ><span itemprop='name'>BRM2<\/span><\/span><\/span><\/article><article class='slide-entry flex_column  post-entry post-entry-3738 slide-entry-overview slide-loop-4 slide-parity-even  post-entry-last  av_one_half  real-thumbnail posttype-post post-format-standard'  itemscope=\"itemscope\" itemtype=\"https:\/\/schema.org\/CreativeWork\" ><a href='https:\/\/www.autorotorgroup.com\/de\/brm2s\/' data-rel='slide-1' class='slide-image' title='BRM2S'><img decoding=\"async\" fetchpriority=\"high\" width=\"495\" height=\"389\" src=\"https:\/\/www.autorotorgroup.com\/wp-content\/uploads\/2020\/09\/BRM2s-495x389.jpg\" class=\"wp-image-3739 avia-img-lazy-loading-not-3739 attachment-portfolio size-portfolio wp-post-image\" alt=\"\" \/><\/a><div class=\"slide-content\"><header class=\"entry-content-header\" aria-label=\"Slide: BRM2S\"><span class=\"blog-categories minor-meta\"><a href=\"https:\/\/www.autorotorgroup.com\/de\/category\/manipolatori-de\/\" rel=\"tag\">Manipolatoren<\/a>, <a href=\"https:\/\/www.autorotorgroup.com\/de\/category\/prodotti-de\/\" rel=\"tag\">Produkte<\/a> <\/span><h3 class='slide-entry-title entry-title '  itemprop=\"headline\" ><a href='https:\/\/www.autorotorgroup.com\/de\/brm2s\/' title='BRM2S'>BRM2S<\/a><\/h3><span class=\"av-vertical-delimiter\"><\/span><\/header><\/div><footer class=\"entry-footer\"><\/footer><span class='hidden'>\n\t\t\t\t<span class='av-structured-data'  itemprop=\"image\" itemscope=\"itemscope\" itemtype=\"https:\/\/schema.org\/ImageObject\" >\n\t\t\t\t\t\t<span itemprop='url'>https:\/\/www.autorotorgroup.com\/wp-content\/uploads\/2020\/09\/BRM2s.jpg<\/span>\n\t\t\t\t\t\t<span itemprop='height'>389<\/span>\n\t\t\t\t\t\t<span itemprop='width'>600<\/span>\n\t\t\t\t<\/span>\n\t\t\t\t<span class='av-structured-data'  itemprop=\"publisher\" itemtype=\"https:\/\/schema.org\/Organization\" itemscope=\"itemscope\" >\n\t\t\t\t\t\t<span itemprop='name'>Paolo<\/span>\n\t\t\t\t\t\t<span itemprop='logo' itemscope itemtype='https:\/\/schema.org\/ImageObject'>\n\t\t\t\t\t\t\t<span itemprop='url'>https:\/\/www.autorotorgroup.com\/wp-content\/uploads\/2020\/07\/autorotor-logo.png<\/span>\n\t\t\t\t\t\t<\/span>\n\t\t\t\t<\/span><span class='av-structured-data'  itemprop=\"author\" itemscope=\"itemscope\" itemtype=\"https:\/\/schema.org\/Person\" ><span itemprop='name'>Paolo<\/span><\/span><span class='av-structured-data'  itemprop=\"datePublished\" datetime=\"2020-09-17T15:35:18+02:00\" >2020-09-17 15:13:24<\/span><span class='av-structured-data'  itemprop=\"dateModified\" itemtype=\"https:\/\/schema.org\/dateModified\" >2021-04-29 17:07:38<\/span><span class='av-structured-data'  itemprop=\"mainEntityOfPage\" itemtype=\"https:\/\/schema.org\/mainEntityOfPage\" ><span itemprop='name'>BRM2S<\/span><\/span><\/span><\/article><\/div><\/div><\/div><\/div>\n","protected":false},"excerpt":{"rendered":"","protected":false},"author":1,"featured_media":0,"parent":0,"menu_order":0,"comment_status":"closed","ping_status":"closed","template":"","meta":{"footnotes":""},"class_list":["post-3624","page","type-page","status-publish","hentry"],"yoast_head":"<!-- This site is optimized with the Yoast SEO plugin v25.6 - https:\/\/yoast.com\/wordpress\/plugins\/seo\/ -->\n<title>Manipulatoren - Autorotor Group<\/title>\n<meta name=\"robots\" content=\"index, follow, max-snippet:-1, max-image-preview:large, max-video-preview:-1\" \/>\n<link rel=\"canonical\" href=\"https:\/\/www.autorotorgroup.com\/de\/manipulatoren\/\" \/>\n<meta property=\"og:locale\" content=\"de_DE\" \/>\n<meta property=\"og:type\" content=\"article\" \/>\n<meta property=\"og:title\" content=\"Manipulatoren - Autorotor Group\" \/>\n<meta property=\"og:url\" content=\"https:\/\/www.autorotorgroup.com\/de\/manipulatoren\/\" \/>\n<meta property=\"og:site_name\" content=\"Autorotor Group\" \/>\n<meta property=\"article:modified_time\" content=\"2021-04-28T12:06:02+00:00\" \/>\n<meta name=\"twitter:card\" content=\"summary_large_image\" \/>\n<meta name=\"twitter:label1\" content=\"Gesch\u00e4tzte Lesezeit\" \/>\n\t<meta name=\"twitter:data1\" content=\"2\u00a0Minuten\" \/>\n<script type=\"application\/ld+json\" class=\"yoast-schema-graph\">{\"@context\":\"https:\/\/schema.org\",\"@graph\":[{\"@type\":\"WebPage\",\"@id\":\"https:\/\/www.autorotorgroup.com\/de\/manipulatoren\/\",\"url\":\"https:\/\/www.autorotorgroup.com\/de\/manipulatoren\/\",\"name\":\"Manipulatoren - Autorotor Group\",\"isPartOf\":{\"@id\":\"https:\/\/www.autorotorgroup.com\/de\/#website\"},\"datePublished\":\"2020-09-17T13:35:18+00:00\",\"dateModified\":\"2021-04-28T12:06:02+00:00\",\"breadcrumb\":{\"@id\":\"https:\/\/www.autorotorgroup.com\/de\/manipulatoren\/#breadcrumb\"},\"inLanguage\":\"de\",\"potentialAction\":[{\"@type\":\"ReadAction\",\"target\":[\"https:\/\/www.autorotorgroup.com\/de\/manipulatoren\/\"]}]},{\"@type\":\"BreadcrumbList\",\"@id\":\"https:\/\/www.autorotorgroup.com\/de\/manipulatoren\/#breadcrumb\",\"itemListElement\":[{\"@type\":\"ListItem\",\"position\":1,\"name\":\"Home\",\"item\":\"https:\/\/www.autorotorgroup.com\/de\/homepage\/\"},{\"@type\":\"ListItem\",\"position\":2,\"name\":\"Manipulatoren\"}]},{\"@type\":\"WebSite\",\"@id\":\"https:\/\/www.autorotorgroup.com\/de\/#website\",\"url\":\"https:\/\/www.autorotorgroup.com\/de\/\",\"name\":\"Autorotor Group\",\"description\":\"The Rotary Motion\",\"publisher\":{\"@id\":\"https:\/\/www.autorotorgroup.com\/de\/#organization\"},\"potentialAction\":[{\"@type\":\"SearchAction\",\"target\":{\"@type\":\"EntryPoint\",\"urlTemplate\":\"https:\/\/www.autorotorgroup.com\/de\/?s={search_term_string}\"},\"query-input\":{\"@type\":\"PropertyValueSpecification\",\"valueRequired\":true,\"valueName\":\"search_term_string\"}}],\"inLanguage\":\"de\"},{\"@type\":\"Organization\",\"@id\":\"https:\/\/www.autorotorgroup.com\/de\/#organization\",\"name\":\"Autorotor Group\",\"url\":\"https:\/\/www.autorotorgroup.com\/de\/\",\"logo\":{\"@type\":\"ImageObject\",\"inLanguage\":\"de\",\"@id\":\"https:\/\/www.autorotorgroup.com\/de\/#\/schema\/logo\/image\/\",\"url\":\"https:\/\/www.autorotorgroup.com\/wp-content\/uploads\/2020\/07\/autorotor-logo.png\",\"contentUrl\":\"https:\/\/www.autorotorgroup.com\/wp-content\/uploads\/2020\/07\/autorotor-logo.png\",\"width\":340,\"height\":156,\"caption\":\"Autorotor Group\"},\"image\":{\"@id\":\"https:\/\/www.autorotorgroup.com\/de\/#\/schema\/logo\/image\/\"}}]}<\/script>\n<!-- \/ Yoast SEO plugin. -->","yoast_head_json":{"title":"Manipulatoren - Autorotor Group","robots":{"index":"index","follow":"follow","max-snippet":"max-snippet:-1","max-image-preview":"max-image-preview:large","max-video-preview":"max-video-preview:-1"},"canonical":"https:\/\/www.autorotorgroup.com\/de\/manipulatoren\/","og_locale":"de_DE","og_type":"article","og_title":"Manipulatoren - Autorotor Group","og_url":"https:\/\/www.autorotorgroup.com\/de\/manipulatoren\/","og_site_name":"Autorotor Group","article_modified_time":"2021-04-28T12:06:02+00:00","twitter_card":"summary_large_image","twitter_misc":{"Gesch\u00e4tzte Lesezeit":"2\u00a0Minuten"},"schema":{"@context":"https:\/\/schema.org","@graph":[{"@type":"WebPage","@id":"https:\/\/www.autorotorgroup.com\/de\/manipulatoren\/","url":"https:\/\/www.autorotorgroup.com\/de\/manipulatoren\/","name":"Manipulatoren - Autorotor Group","isPartOf":{"@id":"https:\/\/www.autorotorgroup.com\/de\/#website"},"datePublished":"2020-09-17T13:35:18+00:00","dateModified":"2021-04-28T12:06:02+00:00","breadcrumb":{"@id":"https:\/\/www.autorotorgroup.com\/de\/manipulatoren\/#breadcrumb"},"inLanguage":"de","potentialAction":[{"@type":"ReadAction","target":["https:\/\/www.autorotorgroup.com\/de\/manipulatoren\/"]}]},{"@type":"BreadcrumbList","@id":"https:\/\/www.autorotorgroup.com\/de\/manipulatoren\/#breadcrumb","itemListElement":[{"@type":"ListItem","position":1,"name":"Home","item":"https:\/\/www.autorotorgroup.com\/de\/homepage\/"},{"@type":"ListItem","position":2,"name":"Manipulatoren"}]},{"@type":"WebSite","@id":"https:\/\/www.autorotorgroup.com\/de\/#website","url":"https:\/\/www.autorotorgroup.com\/de\/","name":"Autorotor Group","description":"The Rotary Motion","publisher":{"@id":"https:\/\/www.autorotorgroup.com\/de\/#organization"},"potentialAction":[{"@type":"SearchAction","target":{"@type":"EntryPoint","urlTemplate":"https:\/\/www.autorotorgroup.com\/de\/?s={search_term_string}"},"query-input":{"@type":"PropertyValueSpecification","valueRequired":true,"valueName":"search_term_string"}}],"inLanguage":"de"},{"@type":"Organization","@id":"https:\/\/www.autorotorgroup.com\/de\/#organization","name":"Autorotor Group","url":"https:\/\/www.autorotorgroup.com\/de\/","logo":{"@type":"ImageObject","inLanguage":"de","@id":"https:\/\/www.autorotorgroup.com\/de\/#\/schema\/logo\/image\/","url":"https:\/\/www.autorotorgroup.com\/wp-content\/uploads\/2020\/07\/autorotor-logo.png","contentUrl":"https:\/\/www.autorotorgroup.com\/wp-content\/uploads\/2020\/07\/autorotor-logo.png","width":340,"height":156,"caption":"Autorotor Group"},"image":{"@id":"https:\/\/www.autorotorgroup.com\/de\/#\/schema\/logo\/image\/"}}]}},"_links":{"self":[{"href":"https:\/\/www.autorotorgroup.com\/de\/wp-json\/wp\/v2\/pages\/3624"}],"collection":[{"href":"https:\/\/www.autorotorgroup.com\/de\/wp-json\/wp\/v2\/pages"}],"about":[{"href":"https:\/\/www.autorotorgroup.com\/de\/wp-json\/wp\/v2\/types\/page"}],"author":[{"embeddable":true,"href":"https:\/\/www.autorotorgroup.com\/de\/wp-json\/wp\/v2\/users\/1"}],"replies":[{"embeddable":true,"href":"https:\/\/www.autorotorgroup.com\/de\/wp-json\/wp\/v2\/comments?post=3624"}],"version-history":[{"count":5,"href":"https:\/\/www.autorotorgroup.com\/de\/wp-json\/wp\/v2\/pages\/3624\/revisions"}],"predecessor-version":[{"id":4056,"href":"https:\/\/www.autorotorgroup.com\/de\/wp-json\/wp\/v2\/pages\/3624\/revisions\/4056"}],"wp:attachment":[{"href":"https:\/\/www.autorotorgroup.com\/de\/wp-json\/wp\/v2\/media?parent=3624"}],"curies":[{"name":"wp","href":"https:\/\/api.w.org\/{rel}","templated":true}]}}