{"id":3548,"date":"2020-09-04T16:56:28","date_gmt":"2020-09-04T14:56:28","guid":{"rendered":"https:\/\/www.autorotorgroup.com\/azienda\/"},"modified":"2024-09-18T16:46:53","modified_gmt":"2024-09-18T14:46:53","slug":"unternehmen","status":"publish","type":"page","link":"https:\/\/www.autorotorgroup.com\/de\/unternehmen\/","title":{"rendered":"Unternehmen"},"content":{"rendered":"<div id='av-layout-grid-1'  class='av-layout-grid-container av-kf2arshl-e3ade0db4036e4aa75001505f936015b entry-content-wrapper main_color av-flex-cells  avia-builder-el-0  el_before_av_one_full  avia-builder-el-first  av-cell-min-height av-cell-min-height-50  container_wrap fullsize'   data-av_minimum_height_pc='50'>\n\n<style type=\"text\/css\" data-created_by=\"avia_inline_auto\" id=\"style-css-av-kf2aselp-cbabf3d4c8c9f084e625dc1feb572011\">\n.flex_cell.av-kf2aselp-cbabf3d4c8c9f084e625dc1feb572011{\nvertical-align:middle;\nbackground:url(https:\/\/www.autorotorgroup.com\/wp-content\/uploads\/2020\/12\/IMG_1030.jpg) 50% 50% no-repeat scroll ;\n}\n.responsive #top #wrap_all .flex_cell.av-kf2aselp-cbabf3d4c8c9f084e625dc1feb572011{\npadding:30px 30px 30px 30px !important;\n}\n<\/style>\n<div class='flex_cell av-kf2aselp-cbabf3d4c8c9f084e625dc1feb572011 av-gridrow-cell av_one_third no_margin  avia-builder-el-1  el_before_av_cell_one_third  avia-builder-el-first  avia-full-stretch'  ><div class='flex_cell_inner'>\n<style type=\"text\/css\" data-created_by=\"avia_inline_auto\" id=\"style-css-av-kf2b5rn9-9144b9ca04ef3ceaa9c616ff14494a32\">\n#top .hr.hr-invisible.av-kf2b5rn9-9144b9ca04ef3ceaa9c616ff14494a32{\nheight:350px;\n}\n<\/style>\n<div  class='hr av-kf2b5rn9-9144b9ca04ef3ceaa9c616ff14494a32 hr-invisible  avia-builder-el-2  avia-builder-el-no-sibling '><span class='hr-inner '><span class=\"hr-inner-style\"><\/span><\/span><\/div>\n<\/div><\/div>\n<style type=\"text\/css\" data-created_by=\"avia_inline_auto\" id=\"style-css-av-9ij5r-357c3e159201d2150447ba6beb683f33\">\n.flex_cell.av-9ij5r-357c3e159201d2150447ba6beb683f33{\nvertical-align:top;\nbackground:url(https:\/\/www.autorotorgroup.com\/wp-content\/uploads\/2020\/09\/autorotor-reception.jpg) 50% 50% no-repeat scroll ;\n}\n.responsive #top #wrap_all .flex_cell.av-9ij5r-357c3e159201d2150447ba6beb683f33{\npadding:30px 30px 30px 30px !important;\n}\n<\/style>\n<div class='flex_cell av-9ij5r-357c3e159201d2150447ba6beb683f33 av-gridrow-cell av_one_third no_margin  avia-builder-el-3  el_after_av_cell_one_third  el_before_av_cell_one_third  avia-full-stretch'  ><div class='flex_cell_inner'>\n<style type=\"text\/css\" data-created_by=\"avia_inline_auto\" id=\"style-css-av-kf2b5rn9-9144b9ca04ef3ceaa9c616ff14494a32\">\n#top .hr.hr-invisible.av-kf2b5rn9-9144b9ca04ef3ceaa9c616ff14494a32{\nheight:350px;\n}\n<\/style>\n<div  class='hr av-kf2b5rn9-9144b9ca04ef3ceaa9c616ff14494a32 hr-invisible  avia-builder-el-4  avia-builder-el-no-sibling '><span class='hr-inner '><span class=\"hr-inner-style\"><\/span><\/span><\/div>\n<\/div><\/div>\n<style type=\"text\/css\" data-created_by=\"avia_inline_auto\" id=\"style-css-av-9ij5r-fdd3f6781cbe5aed3569b8b862eb81f1\">\n.flex_cell.av-9ij5r-fdd3f6781cbe5aed3569b8b862eb81f1{\nvertical-align:top;\nbackground:url(https:\/\/www.autorotorgroup.com\/wp-content\/uploads\/2020\/10\/autorotor3.jpg) 50% 50% no-repeat scroll ;\n}\n.responsive #top #wrap_all .flex_cell.av-9ij5r-fdd3f6781cbe5aed3569b8b862eb81f1{\npadding:30px 30px 30px 30px !important;\n}\n<\/style>\n<div class='flex_cell av-9ij5r-fdd3f6781cbe5aed3569b8b862eb81f1 av-gridrow-cell av_one_third no_margin  avia-builder-el-5  el_after_av_cell_one_third  avia-builder-el-last  avia-full-stretch'  ><div class='flex_cell_inner'>\n<style type=\"text\/css\" data-created_by=\"avia_inline_auto\" id=\"style-css-av-kf2b5rn9-9144b9ca04ef3ceaa9c616ff14494a32\">\n#top .hr.hr-invisible.av-kf2b5rn9-9144b9ca04ef3ceaa9c616ff14494a32{\nheight:350px;\n}\n<\/style>\n<div  class='hr av-kf2b5rn9-9144b9ca04ef3ceaa9c616ff14494a32 hr-invisible  avia-builder-el-6  avia-builder-el-no-sibling '><span class='hr-inner '><span class=\"hr-inner-style\"><\/span><\/span><\/div>\n<\/div><\/div>\n<\/div><div id='after_grid_row_1'  class='main_color av_default_container_wrap container_wrap fullsize'  ><div class='container av-section-cont-open' ><div class='template-page content  av-content-full alpha units'><div class='post-entry post-entry-type-page post-entry-3548'><div class='entry-content-wrapper clearfix'>\n\n<style type=\"text\/css\" data-created_by=\"avia_inline_auto\" id=\"style-css-av-hesyf-3ed429041166d4f4784d7ac7986a249c\">\n.flex_column.av-hesyf-3ed429041166d4f4784d7ac7986a249c{\nborder-radius:0px 0px 0px 0px;\npadding:0px 0px 0px 0px;\n}\n<\/style>\n<div  class='flex_column av-hesyf-3ed429041166d4f4784d7ac7986a249c av_one_full  avia-builder-el-7  el_after_av_layout_row  el_before_av_one_half  avia-builder-el-first  first flex_column_div av-zero-column-padding  '     ><section  class='av_textblock_section av-keod36op-4a9207892deeb70b43fe61c38c15bdec '   itemscope=\"itemscope\" itemtype=\"https:\/\/schema.org\/CreativeWork\" ><div class='avia_textblock'  itemprop=\"text\" ><h1>Ein Unternehmen mit sehr soliden Fundamenten und umfassender Erfahrung, modern und in die Zukunft gerichtet: Das ist Autorotor.<\/h1>\n<\/div><\/section><\/div>\n<div class='flex_column_table av-hesyf-3bff59c9c111c92676116764558e46f5 sc-av_one_half av-equal-height-column-flextable'>\n<style type=\"text\/css\" data-created_by=\"avia_inline_auto\" id=\"style-css-av-hesyf-3bff59c9c111c92676116764558e46f5\">\n.flex_column.av-hesyf-3bff59c9c111c92676116764558e46f5{\nborder-radius:0px 0px 0px 0px;\npadding:0px 0px 0px 0px;\n}\n<\/style>\n<div  class='flex_column av-hesyf-3bff59c9c111c92676116764558e46f5 av_one_half  avia-builder-el-9  el_after_av_one_full  el_before_av_one_half  first flex_column_table_cell av-equal-height-column av-align-top av-zero-column-padding  column-top-margin'     ><style type=\"text\/css\" data-created_by=\"avia_inline_auto\" id=\"style-css-av-keskkvka-12bbe0134891fd22a17937d225132316\">\n.avia-image-container.av-keskkvka-12bbe0134891fd22a17937d225132316 img.avia_image{\nbox-shadow:none;\n}\n.avia-image-container.av-keskkvka-12bbe0134891fd22a17937d225132316 .av-image-caption-overlay-center{\ncolor:#ffffff;\n}\n<\/style>\n<div  class='avia-image-container av-keskkvka-12bbe0134891fd22a17937d225132316 av-styling- avia-align-center  avia-builder-el-10  avia-builder-el-no-sibling '   itemprop=\"image\" itemscope=\"itemscope\" itemtype=\"https:\/\/schema.org\/ImageObject\" ><div class=\"avia-image-container-inner\"><div class=\"avia-image-overlay-wrap\"><img decoding=\"async\" fetchpriority=\"high\" class='wp-image-3550 avia-img-lazy-loading-not-3550 avia_image ' src=\"https:\/\/www.autorotorgroup.com\/wp-content\/uploads\/2020\/09\/autorotor-headquarter-1.jpg\" alt='' title='autorotor-headquarter'  height=\"683\" width=\"1024\"  itemprop=\"thumbnailUrl\" srcset=\"https:\/\/www.autorotorgroup.com\/wp-content\/uploads\/2020\/09\/autorotor-headquarter-1.jpg 1024w, https:\/\/www.autorotorgroup.com\/wp-content\/uploads\/2020\/09\/autorotor-headquarter-1-300x200.jpg 300w, https:\/\/www.autorotorgroup.com\/wp-content\/uploads\/2020\/09\/autorotor-headquarter-1-768x512.jpg 768w, https:\/\/www.autorotorgroup.com\/wp-content\/uploads\/2020\/09\/autorotor-headquarter-1-705x470.jpg 705w\" sizes=\"(max-width: 1024px) 100vw, 1024px\" \/><\/div><\/div><\/div><\/div>\n<div class='av-flex-placeholder'><\/div>\n<style type=\"text\/css\" data-created_by=\"avia_inline_auto\" id=\"style-css-av-hesyf-f9d0ba6fa4057cf3b5c7cc4b06181610\">\n.flex_column.av-hesyf-f9d0ba6fa4057cf3b5c7cc4b06181610{\nborder-radius:0px 0px 0px 0px;\npadding:0px 0px 0px 0px;\n}\n<\/style>\n<div  class='flex_column av-hesyf-f9d0ba6fa4057cf3b5c7cc4b06181610 av_one_half  avia-builder-el-11  el_after_av_one_half  el_before_av_section  avia-builder-el-last  flex_column_table_cell av-equal-height-column av-align-top av-zero-column-padding  column-top-margin'     ><section  class='av_textblock_section av-keod36op-db2ad249c1611c2103b92f6d3a0b1f13 '   itemscope=\"itemscope\" itemtype=\"https:\/\/schema.org\/CreativeWork\" ><div class='avia_textblock'  itemprop=\"text\" ><p><strong>Autorotor<\/strong> ist seit \u00fcber f\u00fcnfzig Jahren auf den Bau von<strong> Rundschalttischen, Ringrundschalttischen, Manipulatoren und Basismaschinen<\/strong> f\u00fcr die unterschiedlichsten Bereiche der industriellen Automatisierung spezialisiert. Das Unternehmen<\/p>\n<p>besteht aus \u00fcber f\u00fcnfzig Mitarbeitern, die in zwei verschiedene Betriebseinheiten unterteilt sind: Die erste befasst sich mit der Herstellung von Komponenten, die zweite mit der Montage und Pr\u00fcfung derselben.<\/p>\n<p>Die hohe Spezialisierung und der hohe Qualit\u00e4tsstandard erm\u00f6glichen es uns, Kundenw\u00fcnsche mit &#8222;ma\u00dfgeschneiderten&#8220; Projekten und Produkten zu erf\u00fcllen, die auf unterschiedliche Bed\u00fcrfnisse zugeschnitten sind.<\/p>\n<\/div><\/section><\/div><\/div><!--close column table wrapper. Autoclose: 1 --><\/div><\/div><\/div><!-- close content main div --><\/div><\/div>\n<style type=\"text\/css\" data-created_by=\"avia_inline_auto\" id=\"style-css-av-keocx77t-7df73f769a426ca28ef8948a74f007f6\">\n.avia-section.av-keocx77t-7df73f769a426ca28ef8948a74f007f6 .av-parallax .av-parallax-inner{\nbackground-repeat:no-repeat;\nbackground-image:url(https:\/\/www.autorotorgroup.com\/wp-content\/uploads\/2020\/09\/Autorotor-2020.jpg);\nbackground-position:50% 50%;\nbackground-attachment:scroll;\n}\n<\/style>\n<div id='av_section_1'  class='avia-section av-keocx77t-7df73f769a426ca28ef8948a74f007f6 main_color avia-section-default avia-no-border-styling  avia-builder-el-13  el_after_av_one_half  avia-builder-el-last  avia-full-stretch av-parallax-section avia-bg-style-parallax av-minimum-height av-minimum-height-50 av-height-50  container_wrap fullsize'  data-section-bg-repeat='stretch' data-av_minimum_height_pc='50' data-av_min_height_opt='50'><div class='av-parallax' data-avia-parallax-ratio='0.3' ><div class='av-parallax-inner main_color avia-full-stretch'><\/div><\/div><div class='container av-section-cont-open' ><div class='template-page content  av-content-full alpha units'><div class='post-entry post-entry-type-page post-entry-3548'><div class='entry-content-wrapper clearfix'><\/p>\n","protected":false},"excerpt":{"rendered":"","protected":false},"author":1,"featured_media":3550,"parent":0,"menu_order":0,"comment_status":"closed","ping_status":"closed","template":"","meta":{"footnotes":""},"class_list":["post-3548","page","type-page","status-publish","has-post-thumbnail","hentry"],"yoast_head":"<!-- This site is optimized with the Yoast SEO plugin v25.6 - https:\/\/yoast.com\/wordpress\/plugins\/seo\/ -->\n<title>Unternehmen - Autorotor Group<\/title>\n<meta name=\"description\" content=\"Un&#039;azienda con solidissime basi e una vasta esperienza,\u00a0moderna e proiettata nel futuro:\u00a0questa \u00e8 Autorotor.\" \/>\n<meta name=\"robots\" content=\"index, follow, max-snippet:-1, max-image-preview:large, max-video-preview:-1\" \/>\n<link rel=\"canonical\" href=\"https:\/\/www.autorotorgroup.com\/de\/unternehmen\/\" \/>\n<meta property=\"og:locale\" content=\"de_DE\" \/>\n<meta property=\"og:type\" content=\"article\" \/>\n<meta property=\"og:title\" content=\"Unternehmen - Autorotor Group\" \/>\n<meta property=\"og:description\" content=\"Un&#039;azienda con solidissime basi e una vasta esperienza,\u00a0moderna e proiettata nel futuro:\u00a0questa \u00e8 Autorotor.\" \/>\n<meta property=\"og:url\" content=\"https:\/\/www.autorotorgroup.com\/de\/unternehmen\/\" \/>\n<meta property=\"og:site_name\" content=\"Autorotor Group\" \/>\n<meta property=\"article:modified_time\" content=\"2024-09-18T14:46:53+00:00\" \/>\n<meta property=\"og:image\" content=\"https:\/\/www.autorotorgroup.com\/wp-content\/uploads\/2020\/09\/autorotor-headquarter-1.jpg\" \/>\n\t<meta property=\"og:image:width\" content=\"1024\" \/>\n\t<meta property=\"og:image:height\" content=\"683\" \/>\n\t<meta property=\"og:image:type\" content=\"image\/jpeg\" \/>\n<meta name=\"twitter:card\" content=\"summary_large_image\" \/>\n<meta name=\"twitter:label1\" content=\"Gesch\u00e4tzte Lesezeit\" \/>\n\t<meta name=\"twitter:data1\" content=\"3\u00a0Minuten\" \/>\n<script type=\"application\/ld+json\" class=\"yoast-schema-graph\">{\"@context\":\"https:\/\/schema.org\",\"@graph\":[{\"@type\":\"WebPage\",\"@id\":\"https:\/\/www.autorotorgroup.com\/de\/unternehmen\/\",\"url\":\"https:\/\/www.autorotorgroup.com\/de\/unternehmen\/\",\"name\":\"Unternehmen - Autorotor Group\",\"isPartOf\":{\"@id\":\"https:\/\/www.autorotorgroup.com\/de\/#website\"},\"primaryImageOfPage\":{\"@id\":\"https:\/\/www.autorotorgroup.com\/de\/unternehmen\/#primaryimage\"},\"image\":{\"@id\":\"https:\/\/www.autorotorgroup.com\/de\/unternehmen\/#primaryimage\"},\"thumbnailUrl\":\"https:\/\/www.autorotorgroup.com\/wp-content\/uploads\/2020\/09\/autorotor-headquarter-1.jpg\",\"datePublished\":\"2020-09-04T14:56:28+00:00\",\"dateModified\":\"2024-09-18T14:46:53+00:00\",\"description\":\"Un'azienda con solidissime basi e una vasta esperienza,\u00a0moderna e proiettata nel futuro:\u00a0questa \u00e8 Autorotor.\",\"breadcrumb\":{\"@id\":\"https:\/\/www.autorotorgroup.com\/de\/unternehmen\/#breadcrumb\"},\"inLanguage\":\"de\",\"potentialAction\":[{\"@type\":\"ReadAction\",\"target\":[\"https:\/\/www.autorotorgroup.com\/de\/unternehmen\/\"]}]},{\"@type\":\"ImageObject\",\"inLanguage\":\"de\",\"@id\":\"https:\/\/www.autorotorgroup.com\/de\/unternehmen\/#primaryimage\",\"url\":\"https:\/\/www.autorotorgroup.com\/wp-content\/uploads\/2020\/09\/autorotor-headquarter-1.jpg\",\"contentUrl\":\"https:\/\/www.autorotorgroup.com\/wp-content\/uploads\/2020\/09\/autorotor-headquarter-1.jpg\",\"width\":1024,\"height\":683},{\"@type\":\"BreadcrumbList\",\"@id\":\"https:\/\/www.autorotorgroup.com\/de\/unternehmen\/#breadcrumb\",\"itemListElement\":[{\"@type\":\"ListItem\",\"position\":1,\"name\":\"Home\",\"item\":\"https:\/\/www.autorotorgroup.com\/de\/homepage\/\"},{\"@type\":\"ListItem\",\"position\":2,\"name\":\"Unternehmen\"}]},{\"@type\":\"WebSite\",\"@id\":\"https:\/\/www.autorotorgroup.com\/de\/#website\",\"url\":\"https:\/\/www.autorotorgroup.com\/de\/\",\"name\":\"Autorotor Group\",\"description\":\"The Rotary Motion\",\"publisher\":{\"@id\":\"https:\/\/www.autorotorgroup.com\/de\/#organization\"},\"potentialAction\":[{\"@type\":\"SearchAction\",\"target\":{\"@type\":\"EntryPoint\",\"urlTemplate\":\"https:\/\/www.autorotorgroup.com\/de\/?s={search_term_string}\"},\"query-input\":{\"@type\":\"PropertyValueSpecification\",\"valueRequired\":true,\"valueName\":\"search_term_string\"}}],\"inLanguage\":\"de\"},{\"@type\":\"Organization\",\"@id\":\"https:\/\/www.autorotorgroup.com\/de\/#organization\",\"name\":\"Autorotor Group\",\"url\":\"https:\/\/www.autorotorgroup.com\/de\/\",\"logo\":{\"@type\":\"ImageObject\",\"inLanguage\":\"de\",\"@id\":\"https:\/\/www.autorotorgroup.com\/de\/#\/schema\/logo\/image\/\",\"url\":\"https:\/\/www.autorotorgroup.com\/wp-content\/uploads\/2020\/07\/autorotor-logo.png\",\"contentUrl\":\"https:\/\/www.autorotorgroup.com\/wp-content\/uploads\/2020\/07\/autorotor-logo.png\",\"width\":340,\"height\":156,\"caption\":\"Autorotor Group\"},\"image\":{\"@id\":\"https:\/\/www.autorotorgroup.com\/de\/#\/schema\/logo\/image\/\"}}]}<\/script>\n<!-- \/ Yoast SEO plugin. -->","yoast_head_json":{"title":"Unternehmen - Autorotor Group","description":"Un'azienda con solidissime basi e una vasta esperienza,\u00a0moderna e proiettata nel futuro:\u00a0questa \u00e8 Autorotor.","robots":{"index":"index","follow":"follow","max-snippet":"max-snippet:-1","max-image-preview":"max-image-preview:large","max-video-preview":"max-video-preview:-1"},"canonical":"https:\/\/www.autorotorgroup.com\/de\/unternehmen\/","og_locale":"de_DE","og_type":"article","og_title":"Unternehmen - Autorotor Group","og_description":"Un'azienda con solidissime basi e una vasta esperienza,\u00a0moderna e proiettata nel futuro:\u00a0questa \u00e8 Autorotor.","og_url":"https:\/\/www.autorotorgroup.com\/de\/unternehmen\/","og_site_name":"Autorotor Group","article_modified_time":"2024-09-18T14:46:53+00:00","og_image":[{"width":1024,"height":683,"url":"https:\/\/www.autorotorgroup.com\/wp-content\/uploads\/2020\/09\/autorotor-headquarter-1.jpg","type":"image\/jpeg"}],"twitter_card":"summary_large_image","twitter_misc":{"Gesch\u00e4tzte Lesezeit":"3\u00a0Minuten"},"schema":{"@context":"https:\/\/schema.org","@graph":[{"@type":"WebPage","@id":"https:\/\/www.autorotorgroup.com\/de\/unternehmen\/","url":"https:\/\/www.autorotorgroup.com\/de\/unternehmen\/","name":"Unternehmen - Autorotor Group","isPartOf":{"@id":"https:\/\/www.autorotorgroup.com\/de\/#website"},"primaryImageOfPage":{"@id":"https:\/\/www.autorotorgroup.com\/de\/unternehmen\/#primaryimage"},"image":{"@id":"https:\/\/www.autorotorgroup.com\/de\/unternehmen\/#primaryimage"},"thumbnailUrl":"https:\/\/www.autorotorgroup.com\/wp-content\/uploads\/2020\/09\/autorotor-headquarter-1.jpg","datePublished":"2020-09-04T14:56:28+00:00","dateModified":"2024-09-18T14:46:53+00:00","description":"Un'azienda con solidissime basi e una vasta esperienza,\u00a0moderna e proiettata nel futuro:\u00a0questa \u00e8 Autorotor.","breadcrumb":{"@id":"https:\/\/www.autorotorgroup.com\/de\/unternehmen\/#breadcrumb"},"inLanguage":"de","potentialAction":[{"@type":"ReadAction","target":["https:\/\/www.autorotorgroup.com\/de\/unternehmen\/"]}]},{"@type":"ImageObject","inLanguage":"de","@id":"https:\/\/www.autorotorgroup.com\/de\/unternehmen\/#primaryimage","url":"https:\/\/www.autorotorgroup.com\/wp-content\/uploads\/2020\/09\/autorotor-headquarter-1.jpg","contentUrl":"https:\/\/www.autorotorgroup.com\/wp-content\/uploads\/2020\/09\/autorotor-headquarter-1.jpg","width":1024,"height":683},{"@type":"BreadcrumbList","@id":"https:\/\/www.autorotorgroup.com\/de\/unternehmen\/#breadcrumb","itemListElement":[{"@type":"ListItem","position":1,"name":"Home","item":"https:\/\/www.autorotorgroup.com\/de\/homepage\/"},{"@type":"ListItem","position":2,"name":"Unternehmen"}]},{"@type":"WebSite","@id":"https:\/\/www.autorotorgroup.com\/de\/#website","url":"https:\/\/www.autorotorgroup.com\/de\/","name":"Autorotor Group","description":"The Rotary Motion","publisher":{"@id":"https:\/\/www.autorotorgroup.com\/de\/#organization"},"potentialAction":[{"@type":"SearchAction","target":{"@type":"EntryPoint","urlTemplate":"https:\/\/www.autorotorgroup.com\/de\/?s={search_term_string}"},"query-input":{"@type":"PropertyValueSpecification","valueRequired":true,"valueName":"search_term_string"}}],"inLanguage":"de"},{"@type":"Organization","@id":"https:\/\/www.autorotorgroup.com\/de\/#organization","name":"Autorotor Group","url":"https:\/\/www.autorotorgroup.com\/de\/","logo":{"@type":"ImageObject","inLanguage":"de","@id":"https:\/\/www.autorotorgroup.com\/de\/#\/schema\/logo\/image\/","url":"https:\/\/www.autorotorgroup.com\/wp-content\/uploads\/2020\/07\/autorotor-logo.png","contentUrl":"https:\/\/www.autorotorgroup.com\/wp-content\/uploads\/2020\/07\/autorotor-logo.png","width":340,"height":156,"caption":"Autorotor Group"},"image":{"@id":"https:\/\/www.autorotorgroup.com\/de\/#\/schema\/logo\/image\/"}}]}},"_links":{"self":[{"href":"https:\/\/www.autorotorgroup.com\/de\/wp-json\/wp\/v2\/pages\/3548"}],"collection":[{"href":"https:\/\/www.autorotorgroup.com\/de\/wp-json\/wp\/v2\/pages"}],"about":[{"href":"https:\/\/www.autorotorgroup.com\/de\/wp-json\/wp\/v2\/types\/page"}],"author":[{"embeddable":true,"href":"https:\/\/www.autorotorgroup.com\/de\/wp-json\/wp\/v2\/users\/1"}],"replies":[{"embeddable":true,"href":"https:\/\/www.autorotorgroup.com\/de\/wp-json\/wp\/v2\/comments?post=3548"}],"version-history":[{"count":8,"href":"https:\/\/www.autorotorgroup.com\/de\/wp-json\/wp\/v2\/pages\/3548\/revisions"}],"predecessor-version":[{"id":8769,"href":"https:\/\/www.autorotorgroup.com\/de\/wp-json\/wp\/v2\/pages\/3548\/revisions\/8769"}],"wp:featuredmedia":[{"embeddable":true,"href":"https:\/\/www.autorotorgroup.com\/de\/wp-json\/wp\/v2\/media\/3550"}],"wp:attachment":[{"href":"https:\/\/www.autorotorgroup.com\/de\/wp-json\/wp\/v2\/media?parent=3548"}],"curies":[{"name":"wp","href":"https:\/\/api.w.org\/{rel}","templated":true}]}}